{"id":13297,"date":"2025-11-19T19:04:40","date_gmt":"2025-11-19T18:04:40","guid":{"rendered":"https:\/\/www.akbijouxminerals.com\/?post_type=product&#038;p=13297"},"modified":"2025-11-19T19:04:43","modified_gmt":"2025-11-19T18:04:43","slug":"shungite-aa","status":"publish","type":"product","link":"https:\/\/www.akbijouxminerals.com\/fr\/produit\/shungite-aa\/","title":{"rendered":"Shungite AA"},"content":{"rendered":"","protected":false},"excerpt":{"rendered":"<p>Perles de shungite AA carr\u00e9es irr\u00e9guli\u00e8res 12x12mm<\/p>\n","protected":false},"featured_media":13241,"comment_status":"open","ping_status":"closed","template":"","meta":{"_acf_changed":false},"product_brand":[],"product_cat":[1254,787,874,875],"product_tag":[],"class_list":{"0":"post-13297","1":"product","2":"type-product","3":"status-publish","4":"has-post-thumbnail","6":"product_cat-nouveautes","7":"product_cat-perles","8":"product_cat-shungite-fr","9":"product_cat-shungite-aa-fr","11":"first","12":"instock","13":"taxable","14":"shipping-taxable","15":"purchasable","16":"product-type-simple"},"acf":[],"_links":{"self":[{"href":"https:\/\/www.akbijouxminerals.com\/fr\/wp-json\/wp\/v2\/product\/13297","targetHints":{"allow":["GET"]}}],"collection":[{"href":"https:\/\/www.akbijouxminerals.com\/fr\/wp-json\/wp\/v2\/product"}],"about":[{"href":"https:\/\/www.akbijouxminerals.com\/fr\/wp-json\/wp\/v2\/types\/product"}],"replies":[{"embeddable":true,"href":"https:\/\/www.akbijouxminerals.com\/fr\/wp-json\/wp\/v2\/comments?post=13297"}],"wp:featuredmedia":[{"embeddable":true,"href":"https:\/\/www.akbijouxminerals.com\/fr\/wp-json\/wp\/v2\/media\/13241"}],"wp:attachment":[{"href":"https:\/\/www.akbijouxminerals.com\/fr\/wp-json\/wp\/v2\/media?parent=13297"}],"wp:term":[{"taxonomy":"product_brand","embeddable":true,"href":"https:\/\/www.akbijouxminerals.com\/fr\/wp-json\/wp\/v2\/product_brand?post=13297"},{"taxonomy":"product_cat","embeddable":true,"href":"https:\/\/www.akbijouxminerals.com\/fr\/wp-json\/wp\/v2\/product_cat?post=13297"},{"taxonomy":"product_tag","embeddable":true,"href":"https:\/\/www.akbijouxminerals.com\/fr\/wp-json\/wp\/v2\/product_tag?post=13297"}],"curies":[{"name":"wp","href":"https:\/\/api.w.org\/{rel}","templated":true}]}}