{"id":8999,"date":"2019-03-22T11:06:03","date_gmt":"2019-03-22T10:06:03","guid":{"rendered":"https:\/\/www.akbijouxminerals.com\/about-us\/"},"modified":"2026-03-03T11:21:33","modified_gmt":"2026-03-03T10:21:33","slug":"a-propos-de-nous","status":"publish","type":"page","link":"https:\/\/www.akbijouxminerals.com\/fr\/a-propos-de-nous\/","title":{"rendered":"\u00c0 propos de nous"},"content":{"rendered":"<section class=\"l-section wpb_row height_medium full_height valign_center color_alternate\"><div class=\"l-section-h i-cf\"><div class=\"g-cols vc_row via_grid cols_3 laptops-cols_inherit tablets-cols_inherit mobiles-cols_1 valign_top type_default stacking_default\"><div class=\"wpb_column vc_column_container\"><div class=\"vc_column-inner\"><h2 class=\"w-post-elm post_title entry-title color_link_inherit\">\u00c0 propos de nous<\/h2><div class=\"w-image align_left\"><div class=\"w-image-h\"><img decoding=\"async\" width=\"700\" height=\"700\" src=\"https:\/\/www.akbijouxminerals.com\/wp-content\/uploads\/2023\/03\/LOGO-ROUND-COBALT.png\" class=\"attachment-large size-large\" alt=\"\" loading=\"lazy\" srcset=\"https:\/\/www.akbijouxminerals.com\/wp-content\/uploads\/2023\/03\/LOGO-ROUND-COBALT.png 700w, https:\/\/www.akbijouxminerals.com\/wp-content\/uploads\/2023\/03\/LOGO-ROUND-COBALT-300x300.png 300w, https:\/\/www.akbijouxminerals.com\/wp-content\/uploads\/2023\/03\/LOGO-ROUND-COBALT-150x150.png 150w, https:\/\/www.akbijouxminerals.com\/wp-content\/uploads\/2023\/03\/LOGO-ROUND-COBALT-600x600.png 600w\" sizes=\"auto, (max-width: 700px) 100vw, 700px\" \/><\/div><\/div><\/div><\/div><div class=\"wpb_column vc_column_container\"><div class=\"vc_column-inner\"><div class=\"wpb_text_column\"><div class=\"wpb_wrapper\"><p>AK Bijoux Minerals est une entreprise familiale, \u00e9tablie comme grossiste en pierres semi-pr\u00e9cieuses, perles et min\u00e9raux du monde entier.<\/p>\n<p>Nos pierres pr\u00e9cieuses exceptionnelles sont propos\u00e9es sous forme brute ou polie. Gr\u00e2ce \u00e0 nos contacts directs avec les propri\u00e9taires des mines dans diff\u00e9rents pays comme l&rsquo;Afghanistan et le Pakistan, nous sommes dans une position exceptionnelle pour fournir une large gamme de pierres semi-pr\u00e9cieuses bien connues dans le monde entier aux prix les plus raisonnables du march\u00e9.<\/p>\n<\/div><\/div><\/div><\/div><div class=\"wpb_column vc_column_container\"><div class=\"vc_column-inner\"><div class=\"wpb_text_column\"><div class=\"wpb_wrapper\"><p>De plus, notre entreprise est sp\u00e9cialis\u00e9e dans les min\u00e9raux les plus pr\u00e9cieux tels que la tourmaline, l&rsquo;aigue-marine, le p\u00e9ridot, la kunzite et bien s\u00fbr sans oublier le c\u00e9l\u00e8bre lapis-lazuli et bien d&rsquo;autres encore\u2026<\/p>\n<\/div><\/div><\/div><\/div><\/div><\/div><\/section><section class=\"l-section wpb_row height_medium\"><div class=\"l-section-h i-cf\"><div class=\"g-cols vc_row via_grid cols_1-2 laptops-cols_inherit tablets-cols_1 mobiles-cols_1 valign_top type_default stacking_default\"><div class=\"wpb_column vc_column_container\"><div class=\"vc_column-inner\"><div class=\"wpb_text_column us_custom_3c634c4e\"><div class=\"wpb_wrapper\"><h2>En savoir plus sur nous<\/h2>\n<div class=\"w-iconbox-text\">\n<p>Ici vous pouvez suivre notre blog pour en savoir plus sur nos min\u00e9raux et notre trajectoire \u00e0 travers le monde<\/p>\n<\/div>\n<\/div><\/div><div class=\"w-separator hide_on_tablets hide_on_mobiles size_medium\"><\/div><div class=\"w-btn-wrapper align_none hide_on_tablets hide_on_mobiles\"><a class=\"w-btn us-btn-style_2\" href=\"#\"><span class=\"w-btn-label\">Voir toutes les actualit\u00e9s<\/span><\/a><\/div><\/div><\/div><div class=\"wpb_column vc_column_container\"><div class=\"vc_column-inner\"><div class=\"w-grid us_post_list apply_url_params type_grid layout_text_card cols_2 preload_style_spinner\" id=\"us_post_list_vf94\" style=\"--columns:2;--gap:0.4rem;\"><style>@media (max-width:599px){#us_post_list_vf94{--columns:1!important}}@media (min-width:1023px){#us_post_list_vf94 .w-post-elm.post_title{font-size:1.2rem!important}}.layout_text_card .w-grid-item-h{border-radius:var(--site-border-radius);box-shadow:0 0rem 0rem rgba(0,0,0,0.1),0 0rem 0rem rgba(0,0,0,0.1);transition-duration:0.3s}.no-touch .layout_text_card .w-grid-item-h:hover{box-shadow:0 0.2rem 0.4rem rgba(0,0,0,0.1),0 0.67rem 2rem rgba(0,0,0,0.15);z-index:4}.layout_text_card .usg_vwrapper_1{transition-duration:0.3s;transform-origin:50% 50%;transform:scale(1) translate(0%,0%)}.layout_text_card .w-grid-item-h:focus-within .usg_vwrapper_1,.layout_text_card .w-grid-item-h:hover .usg_vwrapper_1{transform:scale(1) translate(0%,0%);opacity:1;border-color:transparent!important}.layout_text_card .usg_vwrapper_1{border-radius:var(--site-border-radius)!important;padding:10%!important;border:1px solid var(--color-content-border)!important}.layout_text_card .usg_post_title_1{font-weight:700!important;font-size:1.1rem!important}.layout_text_card .usg_post_taxonomy_1{font-weight:700!important;text-transform:uppercase!important;font-size:14px!important}.layout_text_card .usg_post_date_1{font-size:14px!important}<\/style><div class=\"w-grid-list\">\t<article class=\"w-grid-item size_1x1 post-9928 post type-post status-publish format-gallery hentry category-blog-fr post_format-post-format-gallery\" data-id=\"9928\">\r\n\t\t<div class=\"w-grid-item-h\">\r\n\t\t\t\t\t\t<div class=\"w-vwrapper usg_vwrapper_1 align_none valign_top\" style=\"--vwrapper-gap:0.5rem\"><div class=\"w-post-elm post_taxonomy usg_post_taxonomy_1 style_simple\"><a class=\"term-1150 term-blog-fr\" href=\"https:\/\/www.akbijouxminerals.com\/fr\/category\/blog-fr\/\"><span class=\"w-btn-label\">Blog<\/span><\/a><\/div><h2 class=\"w-post-elm post_title usg_post_title_1 entry-title color_link_inherit\"><a href=\"https:\/\/www.akbijouxminerals.com\/fr\/creations-come-true\/\">Les cr\u00e9ations deviennent r\u00e9alit\u00e9<\/a><\/h2><time class=\"w-post-elm post_date usg_post_date_1 entry-date published\" datetime=\"2023-03-22T12:59:17+01:00\" title=\"22 mars 2023 \u00e0 12:59:17 Europe\/Madrid\">22 mars 2023<\/time><\/div>\t\t<\/div>\r\n\t\t\t<\/article>\r\n\t<article class=\"w-grid-item size_1x1 post-9930 post type-post status-publish format-standard hentry category-blog-fr\" data-id=\"9930\">\r\n\t\t<div class=\"w-grid-item-h\">\r\n\t\t\t\t\t\t<div class=\"w-vwrapper usg_vwrapper_1 align_none valign_top\" style=\"--vwrapper-gap:0.5rem\"><div class=\"w-post-elm post_taxonomy usg_post_taxonomy_1 style_simple\"><a class=\"term-1150 term-blog-fr\" href=\"https:\/\/www.akbijouxminerals.com\/fr\/category\/blog-fr\/\"><span class=\"w-btn-label\">Blog<\/span><\/a><\/div><h2 class=\"w-post-elm post_title usg_post_title_1 entry-title color_link_inherit\"><a href=\"https:\/\/www.akbijouxminerals.com\/fr\/saint-marie-aux-mines-2023\/\">Saint Marie Aux Mines 2023<\/a><\/h2><time class=\"w-post-elm post_date usg_post_date_1 entry-date published\" datetime=\"2023-03-22T12:52:13+01:00\" title=\"22 mars 2023 \u00e0 12:52:13 Europe\/Madrid\">22 mars 2023<\/time><\/div>\t\t<\/div>\r\n\t\t\t<\/article>\r\n\t<article class=\"w-grid-item size_1x1 post-9932 post type-post status-publish format-gallery hentry category-blog-fr post_format-post-format-gallery\" data-id=\"9932\">\r\n\t\t<div class=\"w-grid-item-h\">\r\n\t\t\t\t\t\t<div class=\"w-vwrapper usg_vwrapper_1 align_none valign_top\" style=\"--vwrapper-gap:0.5rem\"><div class=\"w-post-elm post_taxonomy usg_post_taxonomy_1 style_simple\"><a class=\"term-1150 term-blog-fr\" href=\"https:\/\/www.akbijouxminerals.com\/fr\/category\/blog-fr\/\"><span class=\"w-btn-label\">Blog<\/span><\/a><\/div><h2 class=\"w-post-elm post_title usg_post_title_1 entry-title color_link_inherit\"><a href=\"https:\/\/www.akbijouxminerals.com\/fr\/preparing-new-things-in-ak-bijoux-minerals\/\">Du nouveau chez Ak Bijoux Minerals !<\/a><\/h2><time class=\"w-post-elm post_date usg_post_date_1 entry-date published\" datetime=\"2023-03-22T12:50:08+01:00\" title=\"22 mars 2023 \u00e0 12:50:08 Europe\/Madrid\">22 mars 2023<\/time><\/div>\t\t<\/div>\r\n\t\t\t<\/article>\r\n\t<article class=\"w-grid-item size_1x1 post-9934 post type-post status-publish format-gallery hentry category-blog-fr post_format-post-format-gallery\" data-id=\"9934\">\r\n\t\t<div class=\"w-grid-item-h\">\r\n\t\t\t\t\t\t<div class=\"w-vwrapper usg_vwrapper_1 align_none valign_top\" style=\"--vwrapper-gap:0.5rem\"><div class=\"w-post-elm post_taxonomy usg_post_taxonomy_1 style_simple\"><a class=\"term-1150 term-blog-fr\" href=\"https:\/\/www.akbijouxminerals.com\/fr\/category\/blog-fr\/\"><span class=\"w-btn-label\">Blog<\/span><\/a><\/div><h2 class=\"w-post-elm post_title usg_post_title_1 entry-title color_link_inherit\"><a href=\"https:\/\/www.akbijouxminerals.com\/fr\/the-magic-of-lapislazuli\/\">La magie du lapis-lazuli<\/a><\/h2><time class=\"w-post-elm post_date usg_post_date_1 entry-date published\" datetime=\"2019-03-22T08:04:17+01:00\" title=\"22 mars 2019 \u00e0 08:04:17 Europe\/Madrid\">22 mars 2019<\/time><\/div>\t\t<\/div>\r\n\t\t\t<\/article>\r\n<\/div><div class=\"g-loadmore hidden\"><div class=\"g-preloader type_1\"><div><\/div><\/div><\/div><div class=\"w-grid-list-json hidden\" onclick='return {&quot;max_num_pages&quot;:0,&quot;paginationBase&quot;:&quot;page&quot;,&quot;pagination&quot;:&quot;none&quot;,&quot;paged&quot;:1,&quot;ajaxData&quot;:{&quot;action&quot;:&quot;us_ajax_post_list&quot;,&quot;meta_type&quot;:&quot;post&quot;,&quot;object_id&quot;:0,&quot;template_vars&quot;:{&quot;shortcode_base&quot;:&quot;us_post_list&quot;,&quot;paged&quot;:1,&quot;max_num_pages&quot;:0,&quot;no_results&quot;:false,&quot;us_post_content_design_css&quot;:[],&quot;found_posts&quot;:0,&quot;per_page&quot;:4,&quot;items_count&quot;:4,&quot;orderby_random_seed&quot;:null,&quot;source&quot;:&quot;all&quot;,&quot;custom_field_name&quot;:&quot;&quot;,&quot;ids&quot;:&quot;&quot;,&quot;post_type&quot;:&quot;post&quot;,&quot;attachment_ids&quot;:null,&quot;include_post_thumbnail&quot;:0,&quot;post_author&quot;:&quot;any&quot;,&quot;post_author_ids&quot;:&quot;&quot;,&quot;apply_url_params&quot;:&quot;1&quot;,&quot;ignore_sticky_posts&quot;:&quot;0&quot;,&quot;exclude_children&quot;:0,&quot;exclude_current_post&quot;:1,&quot;exclude_prev_posts&quot;:0,&quot;exclude_past_events&quot;:&quot;1&quot;,&quot;enable_items_offset&quot;:0,&quot;items_offset&quot;:&quot;1&quot;,&quot;tax_query_relation&quot;:&quot;none&quot;,&quot;tax_query&quot;:[{&quot;operator&quot;:&quot;IN&quot;,&quot;taxonomy&quot;:&quot;category&quot;,&quot;terms&quot;:&quot;&quot;,&quot;include_children&quot;:0}],&quot;meta_query_relation&quot;:&quot;none&quot;,&quot;meta_query&quot;:[{&quot;key&quot;:&quot;custom_field_name&quot;,&quot;compare&quot;:&quot;=&quot;,&quot;value&quot;:&quot;&quot;}],&quot;orderby&quot;:&quot;date&quot;,&quot;orderby_custom_field&quot;:&quot;&quot;,&quot;orderby_custom_type&quot;:0,&quot;order_invert&quot;:&quot;1&quot;,&quot;show_all&quot;:0,&quot;quantity&quot;:&quot;4&quot;,&quot;posts_per_archive_page&quot;:0,&quot;no_items_action&quot;:&quot;message&quot;,&quot;no_items_message&quot;:&quot;Aucun r\\u00e9sultat.&quot;,&quot;no_items_page_block&quot;:&quot;&quot;,&quot;pagination&quot;:&quot;none&quot;,&quot;pagination_style&quot;:&quot;&quot;,&quot;pagination_btn_text&quot;:&quot;Charger plus&quot;,&quot;pagination_btn_size&quot;:&quot;&quot;,&quot;pagination_btn_style&quot;:&quot;1&quot;,&quot;pagination_btn_fullwidth&quot;:0,&quot;items_layout&quot;:&quot;text_card&quot;,&quot;type&quot;:&quot;grid&quot;,&quot;items_valign&quot;:0,&quot;ignore_items_size&quot;:0,&quot;columns&quot;:&quot;2&quot;,&quot;items_gap&quot;:&quot;0.4rem&quot;,&quot;load_animation&quot;:&quot;none&quot;,&quot;items_preload_style&quot;:&quot;spinner&quot;,&quot;img_size&quot;:&quot;default&quot;,&quot;title_size&quot;:&quot;1.2rem&quot;,&quot;items_ratio&quot;:&quot;default&quot;,&quot;items_ratio_width&quot;:&quot;21&quot;,&quot;items_ratio_height&quot;:&quot;9&quot;,&quot;overriding_link&quot;:&quot;{\\&quot;url\\&quot;:\\&quot;\\&quot;}&quot;,&quot;popup_page_template&quot;:&quot;0&quot;,&quot;popup_width&quot;:&quot;&quot;,&quot;popup_arrows&quot;:1,&quot;breakpoint_1_width&quot;:&quot;1280px&quot;,&quot;breakpoint_1_cols&quot;:&quot;3&quot;,&quot;breakpoint_1_quantity&quot;:&quot;&quot;,&quot;breakpoint_1_gap&quot;:&quot;&quot;,&quot;breakpoint_2_width&quot;:&quot;1024px&quot;,&quot;breakpoint_2_cols&quot;:&quot;2&quot;,&quot;breakpoint_2_quantity&quot;:&quot;&quot;,&quot;breakpoint_2_gap&quot;:&quot;&quot;,&quot;breakpoint_3_width&quot;:&quot;600px&quot;,&quot;breakpoint_3_cols&quot;:&quot;1&quot;,&quot;breakpoint_3_quantity&quot;:&quot;&quot;,&quot;breakpoint_3_gap&quot;:&quot;&quot;,&quot;conditions_operator&quot;:&quot;always&quot;,&quot;conditions&quot;:[],&quot;css&quot;:null,&quot;el_class&quot;:&quot;&quot;,&quot;el_id&quot;:&quot;&quot;,&quot;enable_custom_html_atts&quot;:0,&quot;custom_html_atts&quot;:null,&quot;hide_on_states&quot;:&quot;&quot;,&quot;hide_for_sticky&quot;:0,&quot;hide_for_not_sticky&quot;:0,&quot;hide_below&quot;:&quot;0px&quot;,&quot;hide_above&quot;:&quot;0px&quot;,&quot;classes&quot;:&quot;&quot;},&quot;found_posts&quot;:0,&quot;per_page&quot;:4,&quot;list_filters&quot;:&quot;[]&quot;},&quot;facetedFilter&quot;:{&quot;query_args_unfiltered&quot;:&quot;{\\&quot;ignore_sticky_posts\\&quot;:false,\\&quot;post__not_in\\&quot;:[],\\&quot;tax_query\\&quot;:[],\\&quot;meta_query\\&quot;:[],\\&quot;posts_per_page\\&quot;:4,\\&quot;paged\\&quot;:1,\\&quot;apply_list_url_params\\&quot;:true,\\&quot;post_type\\&quot;:[\\&quot;post\\&quot;],\\&quot;no_found_rows\\&quot;:true,\\&quot;post_status\\&quot;:\\&quot;publish\\&quot;}&quot;}}'><\/div><\/div><div class=\"w-separator size_small\"><\/div><div class=\"w-btn-wrapper align_justify hide_on_default hide_on_laptops\"><a class=\"w-btn us-btn-style_2\" href=\"#\"><span class=\"w-btn-label\">Voir toutes les actualit\u00e9s<\/span><\/a><\/div><\/div><\/div><\/div><\/div><\/section><section class=\"l-section wpb_row height_medium\"><div class=\"l-section-h i-cf\"><div class=\"g-cols vc_row via_grid cols_1 laptops-cols_inherit tablets-cols_inherit mobiles-cols_1 valign_top type_default stacking_default\"><div class=\"wpb_column vc_column_container\"><div class=\"vc_column-inner\"><div class=\"w-map provider_osm\" id=\"us_map_1\"><div class=\"w-map-inner\"><div class=\"w-map-json\" onclick='return {&quot;address&quot;:&quot;41.29986, 1.55958&quot;,&quot;disableDragging&quot;:0,&quot;disableZoom&quot;:0,&quot;hideControls&quot;:0,&quot;zoom&quot;:12,&quot;markers&quot;:[{&quot;address&quot;:&quot;41.29986, 1.55958&quot;,&quot;html&quot;:&quot;&lt;h6&gt;Hey, we are here!&lt;\\\/h6&gt;&lt;p&gt;We will be glad to see you in our office.&lt;\\\/p&gt;&quot;,&quot;infowindow&quot;:0}],&quot;style&quot;:&quot;https:\\\/\\\/{s}.tile.openstreetmap.org\\\/{z}\\\/{x}\\\/{y}.png&quot;}'><\/div><\/div><\/div><\/div><\/div><\/div><\/div><\/section><section class=\"l-section wpb_row height_medium\"><div class=\"l-section-h i-cf\"><div class=\"g-cols vc_row via_grid cols_1 laptops-cols_inherit tablets-cols_inherit mobiles-cols_1 valign_top type_default stacking_default\"><div class=\"wpb_column vc_column_container\"><div class=\"vc_column-inner\"><div class=\"w-text icon_atleft\"><a href=\"https:\/\/api.whatsapp.com\/send?phone=34627271659\" class=\"w-text-h\"><i class=\"fas fa-comments\"><\/i><span class=\"w-text-value\">Bonjour ! Je m&rsquo;appelle Tania. Si vous avez besoin d&rsquo;aide, cliquez ici et je vous aiderai par chat direct.<\/span><\/a><\/div><\/div><\/div><\/div><\/div><\/section>\n","protected":false},"excerpt":{"rendered":"L'histoire du lapis-lazuli remonte \u00e0 l'Antiquit\u00e9. Il \u00e9tait tr\u00e8s pris\u00e9 dans diverses civilisations, notamment celles d'\u00c9gypte, de M\u00e9sopotamie et de la vall\u00e9e de l'Indus. Dans l'\u00c9gypte antique, le lapis-lazuli \u00e9tait associ\u00e9 aux cieux et \u00e9tait utilis\u00e9 pour orner les masques fun\u00e9raires des pharaons, dont Toutankhamon. Il \u00e9tait \u00e9galement utilis\u00e9 dans la cr\u00e9ation de bijoux, d'amulettes...","protected":false},"author":1,"featured_media":6095,"parent":0,"menu_order":0,"comment_status":"closed","ping_status":"closed","template":"","meta":{"_acf_changed":false,"footnotes":""},"class_list":["post-8999","page","type-page","status-publish","has-post-thumbnail","hentry"],"acf":[],"_links":{"self":[{"href":"https:\/\/www.akbijouxminerals.com\/fr\/wp-json\/wp\/v2\/pages\/8999","targetHints":{"allow":["GET"]}}],"collection":[{"href":"https:\/\/www.akbijouxminerals.com\/fr\/wp-json\/wp\/v2\/pages"}],"about":[{"href":"https:\/\/www.akbijouxminerals.com\/fr\/wp-json\/wp\/v2\/types\/page"}],"author":[{"embeddable":true,"href":"https:\/\/www.akbijouxminerals.com\/fr\/wp-json\/wp\/v2\/users\/1"}],"replies":[{"embeddable":true,"href":"https:\/\/www.akbijouxminerals.com\/fr\/wp-json\/wp\/v2\/comments?post=8999"}],"version-history":[{"count":4,"href":"https:\/\/www.akbijouxminerals.com\/fr\/wp-json\/wp\/v2\/pages\/8999\/revisions"}],"predecessor-version":[{"id":13635,"href":"https:\/\/www.akbijouxminerals.com\/fr\/wp-json\/wp\/v2\/pages\/8999\/revisions\/13635"}],"wp:featuredmedia":[{"embeddable":true,"href":"https:\/\/www.akbijouxminerals.com\/fr\/wp-json\/wp\/v2\/media\/6095"}],"wp:attachment":[{"href":"https:\/\/www.akbijouxminerals.com\/fr\/wp-json\/wp\/v2\/media?parent=8999"}],"curies":[{"name":"wp","href":"https:\/\/api.w.org\/{rel}","templated":true}]}}