{"id":8995,"date":"2019-03-26T11:10:01","date_gmt":"2019-03-26T10:10:01","guid":{"rendered":"https:\/\/www.akbijouxminerals.com\/privacy-statement\/"},"modified":"2025-02-20T13:03:11","modified_gmt":"2025-02-20T12:03:11","slug":"privacy-statement","status":"publish","type":"page","link":"https:\/\/www.akbijouxminerals.com\/fr\/privacy-statement\/","title":{"rendered":"D\u00e9claration de confidentialit\u00e9"},"content":{"rendered":"<section class=\"l-section wpb_row height_medium\"><div class=\"l-section-h i-cf\"><div class=\"g-cols vc_row via_grid cols_1 laptops-cols_inherit tablets-cols_inherit mobiles-cols_1 valign_top type_default stacking_default\"><div class=\"wpb_column vc_column_container\"><div class=\"vc_column-inner\"><h1 class=\"w-post-elm post_title entry-title color_link_inherit\">D\u00e9claration de confidentialit\u00e9<\/h1><div class=\"wpb_text_column\"><div class=\"wpb_wrapper\"><div>Chez AK Bijoux Minerals, accessible depuis akbijouxminerals.com, l&rsquo;une de nos principales priorit\u00e9s est la confidentialit\u00e9 de nos visiteurs. Ce document de politique de confidentialit\u00e9 contient les types d&rsquo;informations collect\u00e9es et enregistr\u00e9es par akbijouxminerals.com et la mani\u00e8re dont nous les utilisons.<br \/>\nSi vous avez des questions suppl\u00e9mentaires ou si vous souhaitez plus d&rsquo;informations sur notre politique de confidentialit\u00e9, n&rsquo;h\u00e9sitez pas \u00e0 nous contacter.<br \/>\nCette politique de confidentialit\u00e9 s&rsquo;applique uniquement \u00e0 nos activit\u00e9s en ligne et est valable pour les visiteurs de notre site Web en ce qui concerne les informations qu&rsquo;ils ont partag\u00e9es et\/ou collect\u00e9es sur akbijouxminerals.com. Cette politique ne s&rsquo;applique pas aux informations collect\u00e9es hors ligne ou via des canaux autres que ce site Web. Notre politique de confidentialit\u00e9 a \u00e9t\u00e9 cr\u00e9\u00e9e avec l&rsquo;aide du g\u00e9n\u00e9rateur de politique de confidentialit\u00e9.<\/div>\n<h2>Consentement<\/h2>\n<div>En utilisant notre site Web, vous consentez par la pr\u00e9sente \u00e0 notre politique de confidentialit\u00e9 et acceptez ses conditions<\/div>\n<h2>Informations que nous collectons<\/h2>\n<div>Les informations personnelles que vous \u00eates invit\u00e9 \u00e0 fournir et les raisons pour lesquelles vous \u00eates invit\u00e9 \u00e0 les fournir vous seront clairement indiqu\u00e9es au moment o\u00f9 nous vous demanderons de fournir vos informations personnelles.<br \/>\nSi vous nous contactez directement, nous pouvons recevoir des informations suppl\u00e9mentaires vous concernant, telles que votre nom, votre adresse e-mail, votre num\u00e9ro de t\u00e9l\u00e9phone, le contenu du message et\/ou des pi\u00e8ces jointes que vous pouvez nous envoyer, ainsi que toute autre information que vous pouvez choisir de fournir.<br \/>\nLorsque vous cr\u00e9ez un compte, nous pouvons vous demander vos coordonn\u00e9es, notamment des \u00e9l\u00e9ments tels que votre nom, le nom de votre entreprise, votre adresse, votre adresse e-mail et votre num\u00e9ro de t\u00e9l\u00e9phone.<\/div>\n<h2>Comment nous utilisons vos informations<\/h2>\n<div>Nous utilisons les informations que nous collectons de diverses mani\u00e8res, notamment pour :<br \/>\nFournir, exploiter et maintenir notre site Web<br \/>\nAm\u00e9liorer, personnaliser et d\u00e9velopper notre site Web<br \/>\nComprendre et analyser la fa\u00e7on dont vous utilisez notre site Web<br \/>\nD\u00e9velopper de nouveaux produits, services, fonctionnalit\u00e9s et fonctionnalit\u00e9s<br \/>\nCommuniquer avec vous, directement ou par l&rsquo;interm\u00e9diaire de l&rsquo;un de nos partenaires, notamment pour le service client, pour vous fournir des mises \u00e0 jour et d&rsquo;autres informations relatives au site Web, et \u00e0 des fins de marketing et de promotion<br \/>\nVous envoyer des e-mails<br \/>\nRechercher et pr\u00e9venir la fraude<br \/>\nFichiers journaux<br \/>\nakbijouxminerals.com suit une proc\u00e9dure standard d&rsquo;utilisation des fichiers journaux. Ces fichiers enregistrent les visiteurs lorsqu&rsquo;ils visitent des sites Web. Toutes les soci\u00e9t\u00e9s d\u2019h\u00e9bergement le font et cela fait partie des analyses des services d\u2019h\u00e9bergement. Les informations collect\u00e9es par les fichiers journaux comprennent les adresses de protocole Internet (IP), le type de navigateur, le fournisseur d\u2019acc\u00e8s Internet (FAI), la date et l\u2019heure, les pages de renvoi\/de sortie et \u00e9ventuellement le nombre de clics. Ces informations ne sont li\u00e9es \u00e0 aucune information personnellement identifiable. Le but de ces informations est d\u2019analyser les tendances, d\u2019administrer le site, de suivre les mouvements des utilisateurs sur le site Web et de recueillir des informations d\u00e9mographiques.<\/div>\n<h2>Cookies et balises Web<\/h2>\n<div>Comme tout autre site Web, akbijouxminerals.com utilise des \u00ab cookies \u00bb. Ces cookies sont utilis\u00e9s pour stocker des informations, notamment les pr\u00e9f\u00e9rences des visiteurs et les pages du site Web auxquelles le visiteur a acc\u00e9d\u00e9 ou qu&rsquo;il a visit\u00e9es. Les informations sont utilis\u00e9es pour optimiser l&rsquo;exp\u00e9rience des utilisateurs en personnalisant le contenu de nos pages Web en fonction du type de navigateur des visiteurs et\/ou d&rsquo;autres informations.<br \/>\nPour des informations plus g\u00e9n\u00e9rales sur les cookies, veuillez lire la politique relative aux cookies.<\/div>\n<h2>Politiques de confidentialit\u00e9 des partenaires publicitaires<\/h2>\n<div>Vous pouvez consulter cette liste pour trouver la politique de confidentialit\u00e9 de chacun des partenaires publicitaires d&rsquo;akbijouxminerals.com.<br \/>\nLes serveurs publicitaires ou r\u00e9seaux publicitaires tiers utilisent des technologies telles que les cookies, JavaScript ou les balises Web qui sont utilis\u00e9es dans leurs publicit\u00e9s et liens respectifs qui apparaissent sur akbijouxminerals.com, qui sont envoy\u00e9s directement au navigateur des utilisateurs. Ils re\u00e7oivent automatiquement votre adresse IP lorsque cela se produit. Ces technologies sont utilis\u00e9es pour mesurer l&rsquo;efficacit\u00e9 de leurs campagnes publicitaires et\/ou pour personnaliser le contenu publicitaire que vous voyez sur les sites Web que vous visitez.<br \/>\nNotez que akbijouxminerals.com n&rsquo;a aucun acc\u00e8s ni contr\u00f4le sur ces cookies qui sont utilis\u00e9s par des annonceurs tiers.<\/div>\n<h2>Politiques de confidentialit\u00e9 des tiers<\/h2>\n<div>La politique de confidentialit\u00e9 d&rsquo;akbijouxminerals.com ne s&rsquo;applique pas aux autres annonceurs ou sites Web. Ainsi, nous vous conseillons de consulter les politiques de confidentialit\u00e9 respectives de ces serveurs publicitaires tiers pour des informations plus d\u00e9taill\u00e9es. Cela peut inclure leurs pratiques et instructions sur la fa\u00e7on de refuser certaines options.<br \/>\nVous pouvez choisir de d\u00e9sactiver les cookies via les options de votre navigateur individuel. Pour conna\u00eetre des informations plus d\u00e9taill\u00e9es sur la gestion des cookies avec des navigateurs Web sp\u00e9cifiques, vous pouvez les trouver sur les sites Web respectifs des navigateurs.<br \/>\nDroits de confidentialit\u00e9 CCPA (Ne pas vendre mes informations personnelles)<br \/>\nEn vertu du CCPA, entre autres droits, les consommateurs californiens ont le droit de :<br \/>\nDemander \u00e0 une entreprise qui collecte les donn\u00e9es personnelles d&rsquo;un consommateur de divulguer les cat\u00e9gories et les \u00e9l\u00e9ments sp\u00e9cifiques de donn\u00e9es personnelles qu&rsquo;une entreprise a collect\u00e9es sur les consommateurs.<br \/>\nDemander \u00e0 une entreprise de supprimer toutes les donn\u00e9es personnelles sur le consommateur qu&rsquo;une entreprise a collect\u00e9es.<br \/>\nDemander \u00e0 une entreprise qui vend les donn\u00e9es personnelles d&rsquo;un consommateur de ne pas vendre les donn\u00e9es personnelles du consommateur.<br \/>\nSi vous faites une demande, nous avons un mois pour vous r\u00e9pondre. Si vous souhaitez exercer l&rsquo;un de ces droits, veuillez nous contacter.<\/div>\n<h3>Droits de protection des donn\u00e9es du RGPD<\/h3>\n<div>Nous souhaitons nous assurer que vous \u00eates pleinement conscient de tous vos droits en mati\u00e8re de protection des donn\u00e9es. Chaque utilisateur a droit aux avantages suivants :<br \/>\nLe droit d&rsquo;acc\u00e8s : vous avez le droit de demander des copies de vos donn\u00e9es personnelles. Nous pouvons vous facturer une somme modique pour ce service.<br \/>\nLe droit de rectification : vous avez le droit de demander que nous corrigions toute information que vous jugez inexacte. Vous avez \u00e9galement le droit de demander que nous compl\u00e9tions les informations que vous jugez incompl\u00e8tes.<br \/>\nLe droit d&rsquo;effacement : vous avez le droit de demander que nous effacions vos donn\u00e9es personnelles, sous certaines conditions.<br \/>\nLe droit de restreindre le traitement : vous avez le droit de demander que nous restreignions le traitement de vos donn\u00e9es personnelles, sous certaines conditions.<br \/>\nLe droit de vous opposer au traitement : vous avez le droit de vous opposer \u00e0 notre traitement de vos donn\u00e9es personnelles, sous certaines conditions.<br \/>\nLe droit \u00e0 la portabilit\u00e9 des donn\u00e9es \u2013 Vous avez le droit de demander que nous transf\u00e9rions les donn\u00e9es que nous avons collect\u00e9es \u00e0 une autre organisation, ou directement \u00e0 vous, sous certaines conditions.<br \/>\nSi vous faites une demande, nous avons un mois pour vous r\u00e9pondre. Si vous souhaitez exercer l\u2019un de ces droits, veuillez nous contacter.<\/div>\n<h3>Informations relatives aux enfants<\/h3>\n<div>Une autre partie de notre priorit\u00e9 est d\u2019ajouter une protection aux enfants lorsqu\u2019ils utilisent Internet. Nous encourageons les parents et les tuteurs \u00e0 observer, participer et\/ou surveiller et guider leur activit\u00e9 en ligne.<br \/>\nakbijouxminerals.com ne collecte pas sciemment d\u2019informations personnelles identifiables aupr\u00e8s d\u2019enfants de moins de 13 ans. Si vous pensez que votre enfant a fourni ce type d\u2019informations sur notre site Web, nous vous encourageons vivement \u00e0 nous contacter imm\u00e9diatement et nous ferons de notre mieux pour supprimer rapidement ces informations de nos dossiers.<\/div>\n<\/div><\/div><div class=\"wpb_text_column\"><div class=\"wpb_wrapper\"><p>Afin de mieux vous servir, nous vous demandons de nous fournir certaines informations (nom, adresse e-mail, adresse postale, etc.). Ces informations seront utilis\u00e9es uniquement pour fournir votre commande. Nous ne vous inscrivons pas automatiquement sur une liste de diffusion. Ces recommandations sont trait\u00e9es s\u00e9par\u00e9ment, uniquement avec votre consentement direct. Toutes les informations que nous conservons concernant nos clients sont s\u00e9curis\u00e9es et ne sont jamais fournies \u00e0 un tiers. Lorsque vous passez des commandes ou acc\u00e9dez \u00e0 notre site, nous prenons des mesures responsables pour garantir la confidentialit\u00e9 de ces informations, y compris l&rsquo;utilisation d&rsquo;un serveur s\u00e9curis\u00e9.<\/p>\n<p>Propri\u00e9taire : AK Bijoux Minerals SL<br \/>\nNum\u00e9ro de TVA : B10770766<br \/>\nAdresse de la boutique : Calle Sant Antoni 18-20<br \/>\n08800 Vilanova i la Geltr\u00fa<br \/>\nBarcelone<br \/>\nESPAGNE<\/p>\n<p>Num\u00e9ros de contact :<\/p>\n<p>Tania 0034 627 271 659<\/p>\n<p>Nico 0034 638 206 243<\/p>\n<p>info@akbijouxminerals.com<br \/>\nwww.akbijouxminerals.com<\/p>\n<\/div><\/div><\/div><\/div><\/div><\/div><\/section>\n","protected":false},"excerpt":{"rendered":"D\u00e9claration de confidentialit\u00e9Chez AK Bijoux Minerals, accessible depuis akbijouxminerals.com, l&rsquo;une de nos principales priorit\u00e9s est la confidentialit\u00e9 de nos visiteurs. Ce document de politique de confidentialit\u00e9 contient les types d&rsquo;informations collect\u00e9es et enregistr\u00e9es par akbijouxminerals.com et la mani\u00e8re dont nous les utilisons. Si vous avez des questions suppl\u00e9mentaires ou si vous souhaitez plus d&rsquo;informations sur...","protected":false},"author":1,"featured_media":0,"parent":0,"menu_order":0,"comment_status":"closed","ping_status":"closed","template":"","meta":{"_acf_changed":false,"footnotes":""},"class_list":["post-8995","page","type-page","status-publish","hentry"],"acf":[],"_links":{"self":[{"href":"https:\/\/www.akbijouxminerals.com\/fr\/wp-json\/wp\/v2\/pages\/8995","targetHints":{"allow":["GET"]}}],"collection":[{"href":"https:\/\/www.akbijouxminerals.com\/fr\/wp-json\/wp\/v2\/pages"}],"about":[{"href":"https:\/\/www.akbijouxminerals.com\/fr\/wp-json\/wp\/v2\/types\/page"}],"author":[{"embeddable":true,"href":"https:\/\/www.akbijouxminerals.com\/fr\/wp-json\/wp\/v2\/users\/1"}],"replies":[{"embeddable":true,"href":"https:\/\/www.akbijouxminerals.com\/fr\/wp-json\/wp\/v2\/comments?post=8995"}],"version-history":[{"count":3,"href":"https:\/\/www.akbijouxminerals.com\/fr\/wp-json\/wp\/v2\/pages\/8995\/revisions"}],"predecessor-version":[{"id":10859,"href":"https:\/\/www.akbijouxminerals.com\/fr\/wp-json\/wp\/v2\/pages\/8995\/revisions\/10859"}],"wp:attachment":[{"href":"https:\/\/www.akbijouxminerals.com\/fr\/wp-json\/wp\/v2\/media?parent=8995"}],"curies":[{"name":"wp","href":"https:\/\/api.w.org\/{rel}","templated":true}]}}