{"id":8989,"date":"2023-04-13T11:53:16","date_gmt":"2023-04-13T09:53:16","guid":{"rendered":"https:\/\/www.akbijouxminerals.com\/blog\/"},"modified":"2026-03-03T11:20:35","modified_gmt":"2026-03-03T10:20:35","slug":"blog","status":"publish","type":"page","link":"https:\/\/www.akbijouxminerals.com\/fr\/blog\/","title":{"rendered":"Blog"},"content":{"rendered":"<section class=\"l-section wpb_row height_medium\"><div class=\"l-section-h i-cf\"><div class=\"g-cols vc_row via_grid cols_1 laptops-cols_inherit tablets-cols_inherit mobiles-cols_1 valign_top type_default stacking_default\"><div class=\"wpb_column vc_column_container\"><div class=\"vc_column-inner\"><h1 class=\"w-text us_custom_50eb1e0c\"><span class=\"w-text-h\"><span class=\"w-text-value\">Blog<\/span><\/span><\/h1><div class=\"w-separator size_medium\"><\/div><form class=\"w-filter for_list state_desktop us-field-style_1 us_custom_2ff944e3 us_migrated layout_hor items_1 mod_no_titles align_none elm_index_1 scroll_to_list\" action style=\"--items-gap:1.5em;\" onsubmit=\"return false;\" onclick='return {&quot;mobileWidth&quot;:0,&quot;listSelectorToFilter&quot;:&quot;#us_grid_s705&quot;}'><div class=\"w-filter-list\"><div class=\"w-filter-item number_1 type_radio values_as_btn btns_in_row_auto style_2\" data-name=\"category\"><div class=\"w-filter-item-title\">Cat\u00e9gorie<\/div><a class=\"w-filter-item-reset\" href=\"#\" title=\"R\u00e9initialiser\"><span>R\u00e9initialiser<\/span><\/a><div class=\"w-filter-item-content\"><div class=\"w-filter-item-values\"><div class=\"w-filter-item-value\" data-value=\"*\"><label><input type=\"radio\" value=\"%2A\" name=\"category\" checked=\"checked\"><span class=\"w-filter-item-value-label\">All<\/span><\/label><\/div><div class=\"w-filter-item-value depth_1\" data-value=\"blog-fr\"><label><input type=\"radio\" value=\"blog-fr\" name=\"category\"><span class=\"w-filter-item-value-label\">Blog<\/span><\/label><\/div><\/div><\/div><\/div><\/div><\/form><div class=\"w-grid us_post_list apply_url_params type_masonry layout_blog_11 cols_2 pagination_load_on_btn preload_style_spinner with_isotope\" id=\"us_grid_s705\" style=\"--columns:2;--gap:3.5vh;\"><style>@media (max-width:600px){#us_grid_s705{--columns:1!important}}.layout_blog_11 .w-grid-item-h{}.layout_blog_11 .usg_post_title_1{font-size:1.4rem!important;font-weight:700!important;margin-bottom:0.5rem!important}.layout_blog_11 .usg_hwrapper_1{color:var(--color-content-faded)!important;font-size:0.9rem!important}.layout_blog_11 .usg_post_taxonomy_1{font-weight:700!important;text-transform:uppercase!important}.layout_blog_11 .usg_post_image_1{margin-top:0.7rem!important}.layout_blog_11 .usg_post_content_1{max-width:600px!important;margin-top:0.8rem!important}@media (max-width:599px){.layout_blog_11 .usg_post_title_1{font-size:1.2rem!important}}<\/style><div class=\"w-grid-list\">\t<article class=\"w-grid-item size_1x1 post-9928 post type-post status-publish format-gallery hentry category-blog-fr post_format-post-format-gallery\" data-id=\"9928\">\r\n\t\t<div class=\"w-grid-item-h\">\r\n\t\t\t\t\t\t<h2 class=\"w-post-elm post_title usg_post_title_1 entry-title color_link_inherit\"><a href=\"https:\/\/www.akbijouxminerals.com\/fr\/creations-come-true\/\">Les cr\u00e9ations deviennent r\u00e9alit\u00e9<\/a><\/h2><div class=\"w-hwrapper usg_hwrapper_1 has_text_color align_none valign_top wrap\"><div class=\"w-post-elm post_taxonomy usg_post_taxonomy_1 style_simple\"><a class=\"term-1150 term-blog-fr\" href=\"https:\/\/www.akbijouxminerals.com\/fr\/category\/blog-fr\/\"><span class=\"w-btn-label\">Blog<\/span><\/a><\/div><time class=\"w-post-elm post_date usg_post_date_1 entry-date published\" datetime=\"2023-03-22T12:59:17+01:00\" title=\"22 mars 2023 \u00e0 12:59:17 Europe\/Madrid\">il y a 3 ans<\/time><\/div><div class=\"w-post-elm post_content usg_post_content_1\">Si vous avez un r\u00eave, r\u00e9alisez-le ! AK Bijoux Minerals souhaite partager votre r\u00e9ussite dans votre travail et nous vous invitons \u00e0 nous taguer sur Instagram afin que vous puissiez\u2026<\/div>\t\t<\/div>\r\n\t\t\t<\/article>\r\n\t<article class=\"w-grid-item size_1x1 post-9930 post type-post status-publish format-standard hentry category-blog-fr\" data-id=\"9930\">\r\n\t\t<div class=\"w-grid-item-h\">\r\n\t\t\t\t\t\t<h2 class=\"w-post-elm post_title usg_post_title_1 entry-title color_link_inherit\"><a href=\"https:\/\/www.akbijouxminerals.com\/fr\/saint-marie-aux-mines-2023\/\">Saint Marie Aux Mines 2023<\/a><\/h2><div class=\"w-hwrapper usg_hwrapper_1 has_text_color align_none valign_top wrap\"><div class=\"w-post-elm post_taxonomy usg_post_taxonomy_1 style_simple\"><a class=\"term-1150 term-blog-fr\" href=\"https:\/\/www.akbijouxminerals.com\/fr\/category\/blog-fr\/\"><span class=\"w-btn-label\">Blog<\/span><\/a><\/div><time class=\"w-post-elm post_date usg_post_date_1 entry-date published\" datetime=\"2023-03-22T12:52:13+01:00\" title=\"22 mars 2023 \u00e0 12:52:13 Europe\/Madrid\">il y a 3 ans<\/time><\/div><div class=\"w-post-elm post_content usg_post_content_1\">21-22-23-24-25 Juin 2023 On vous attend ! Un salon \u00e0 ne pas manquer. Un espace unique, embl\u00e9matique et tr\u00e8s fr\u00e9quent\u00e9 par les professionnels et le grand public. Nous vous attendons\u2026<\/div>\t\t<\/div>\r\n\t\t\t<\/article>\r\n\t<article class=\"w-grid-item size_1x1 post-9932 post type-post status-publish format-gallery hentry category-blog-fr post_format-post-format-gallery\" data-id=\"9932\">\r\n\t\t<div class=\"w-grid-item-h\">\r\n\t\t\t\t\t\t<h2 class=\"w-post-elm post_title usg_post_title_1 entry-title color_link_inherit\"><a href=\"https:\/\/www.akbijouxminerals.com\/fr\/preparing-new-things-in-ak-bijoux-minerals\/\">Du nouveau chez Ak Bijoux Minerals !<\/a><\/h2><div class=\"w-hwrapper usg_hwrapper_1 has_text_color align_none valign_top wrap\"><div class=\"w-post-elm post_taxonomy usg_post_taxonomy_1 style_simple\"><a class=\"term-1150 term-blog-fr\" href=\"https:\/\/www.akbijouxminerals.com\/fr\/category\/blog-fr\/\"><span class=\"w-btn-label\">Blog<\/span><\/a><\/div><time class=\"w-post-elm post_date usg_post_date_1 entry-date published\" datetime=\"2023-03-22T12:50:08+01:00\" title=\"22 mars 2023 \u00e0 12:50:08 Europe\/Madrid\">il y a 3 ans<\/time><\/div><div class=\"w-post-elm post_content usg_post_content_1\">Vous pourrez bient\u00f4t profiter de notre boutique en ligne. Pr\u00e9parez-vous \u00e0 r\u00e9aliser vos cr\u00e9ations avec notre gamme s\u00e9lectionn\u00e9e de pierres semi-pr\u00e9cieuses.<\/div>\t\t<\/div>\r\n\t\t\t<\/article>\r\n\t<article class=\"w-grid-item size_1x1 post-9934 post type-post status-publish format-gallery hentry category-blog-fr post_format-post-format-gallery\" data-id=\"9934\">\r\n\t\t<div class=\"w-grid-item-h\">\r\n\t\t\t\t\t\t<h2 class=\"w-post-elm post_title usg_post_title_1 entry-title color_link_inherit\"><a href=\"https:\/\/www.akbijouxminerals.com\/fr\/the-magic-of-lapislazuli\/\">La magie du lapis-lazuli<\/a><\/h2><div class=\"w-hwrapper usg_hwrapper_1 has_text_color align_none valign_top wrap\"><div class=\"w-post-elm post_taxonomy usg_post_taxonomy_1 style_simple\"><a class=\"term-1150 term-blog-fr\" href=\"https:\/\/www.akbijouxminerals.com\/fr\/category\/blog-fr\/\"><span class=\"w-btn-label\">Blog<\/span><\/a><\/div><time class=\"w-post-elm post_date usg_post_date_1 entry-date published\" datetime=\"2019-03-22T08:04:17+01:00\" title=\"22 mars 2019 \u00e0 08:04:17 Europe\/Madrid\">il y a 7 ans<\/time><\/div><div class=\"w-post-elm post_content usg_post_content_1\">L'histoire du lapis-lazuli remonte \u00e0 l'Antiquit\u00e9. Il \u00e9tait tr\u00e8s pris\u00e9 dans diverses civilisations, notamment celles d'\u00c9gypte, de M\u00e9sopotamie et de la vall\u00e9e de l'Indus. Dans l'\u00c9gypte antique, le lapis-lazuli \u00e9tait\u2026<\/div>\t\t<\/div>\r\n\t\t\t<\/article>\r\n<\/div><div class=\"g-loadmore hidden\"><div class=\"g-preloader type_1\"><div><\/div><\/div><button class=\"w-btn us-btn-style_1\" type=\"button\"><span class=\"w-btn-label\">Charger plus<\/span><\/button><\/div><div class=\"w-grid-list-json hidden\" onclick='return {&quot;max_num_pages&quot;:1,&quot;paginationBase&quot;:&quot;page&quot;,&quot;pagination&quot;:&quot;load_on_btn&quot;,&quot;paged&quot;:1,&quot;ajaxData&quot;:{&quot;action&quot;:&quot;us_ajax_post_list&quot;,&quot;meta_type&quot;:&quot;post&quot;,&quot;object_id&quot;:0,&quot;template_vars&quot;:{&quot;shortcode_base&quot;:&quot;us_post_list&quot;,&quot;paged&quot;:1,&quot;max_num_pages&quot;:1,&quot;no_results&quot;:false,&quot;us_post_content_design_css&quot;:[],&quot;found_posts&quot;:4,&quot;per_page&quot;:4,&quot;items_count&quot;:4,&quot;orderby_random_seed&quot;:null,&quot;source&quot;:&quot;all&quot;,&quot;custom_field_name&quot;:&quot;&quot;,&quot;ids&quot;:&quot;&quot;,&quot;post_type&quot;:&quot;post&quot;,&quot;attachment_ids&quot;:null,&quot;include_post_thumbnail&quot;:0,&quot;post_author&quot;:&quot;any&quot;,&quot;post_author_ids&quot;:&quot;&quot;,&quot;apply_url_params&quot;:&quot;1&quot;,&quot;ignore_sticky_posts&quot;:&quot;0&quot;,&quot;exclude_children&quot;:0,&quot;exclude_current_post&quot;:1,&quot;exclude_prev_posts&quot;:0,&quot;exclude_past_events&quot;:&quot;1&quot;,&quot;enable_items_offset&quot;:0,&quot;items_offset&quot;:&quot;1&quot;,&quot;tax_query_relation&quot;:&quot;none&quot;,&quot;tax_query&quot;:[{&quot;operator&quot;:&quot;IN&quot;,&quot;taxonomy&quot;:&quot;category&quot;,&quot;terms&quot;:&quot;&quot;,&quot;include_children&quot;:0}],&quot;meta_query_relation&quot;:&quot;none&quot;,&quot;meta_query&quot;:[{&quot;key&quot;:&quot;custom_field_name&quot;,&quot;compare&quot;:&quot;=&quot;,&quot;value&quot;:&quot;&quot;}],&quot;orderby&quot;:&quot;date&quot;,&quot;orderby_custom_field&quot;:&quot;&quot;,&quot;orderby_custom_type&quot;:0,&quot;order_invert&quot;:&quot;1&quot;,&quot;show_all&quot;:0,&quot;quantity&quot;:&quot;4&quot;,&quot;posts_per_archive_page&quot;:0,&quot;no_items_action&quot;:&quot;message&quot;,&quot;no_items_message&quot;:&quot;Aucun r\\u00e9sultat.&quot;,&quot;no_items_page_block&quot;:&quot;&quot;,&quot;pagination&quot;:&quot;load_on_btn&quot;,&quot;pagination_style&quot;:&quot;&quot;,&quot;pagination_btn_text&quot;:&quot;Charger plus&quot;,&quot;pagination_btn_size&quot;:&quot;&quot;,&quot;pagination_btn_style&quot;:&quot;1&quot;,&quot;pagination_btn_fullwidth&quot;:0,&quot;items_layout&quot;:&quot;blog_11&quot;,&quot;type&quot;:&quot;masonry&quot;,&quot;items_valign&quot;:0,&quot;ignore_items_size&quot;:0,&quot;columns&quot;:&quot;2&quot;,&quot;items_gap&quot;:&quot;3.5vh&quot;,&quot;load_animation&quot;:&quot;none&quot;,&quot;items_preload_style&quot;:&quot;spinner&quot;,&quot;img_size&quot;:&quot;default&quot;,&quot;title_size&quot;:&quot;&quot;,&quot;items_ratio&quot;:&quot;default&quot;,&quot;items_ratio_width&quot;:&quot;21&quot;,&quot;items_ratio_height&quot;:&quot;9&quot;,&quot;overriding_link&quot;:&quot;{\\&quot;url\\&quot;:\\&quot;\\&quot;}&quot;,&quot;popup_page_template&quot;:&quot;0&quot;,&quot;popup_width&quot;:&quot;&quot;,&quot;popup_arrows&quot;:1,&quot;breakpoint_1_width&quot;:&quot;1280px&quot;,&quot;breakpoint_1_cols&quot;:&quot;3&quot;,&quot;breakpoint_1_quantity&quot;:&quot;&quot;,&quot;breakpoint_1_gap&quot;:&quot;&quot;,&quot;breakpoint_2_width&quot;:&quot;1024px&quot;,&quot;breakpoint_2_cols&quot;:&quot;2&quot;,&quot;breakpoint_2_quantity&quot;:&quot;&quot;,&quot;breakpoint_2_gap&quot;:&quot;&quot;,&quot;breakpoint_3_width&quot;:&quot;601px&quot;,&quot;breakpoint_3_cols&quot;:&quot;1&quot;,&quot;breakpoint_3_quantity&quot;:&quot;&quot;,&quot;breakpoint_3_gap&quot;:&quot;&quot;,&quot;conditions_operator&quot;:&quot;always&quot;,&quot;conditions&quot;:[],&quot;css&quot;:null,&quot;el_class&quot;:&quot;&quot;,&quot;el_id&quot;:&quot;us_grid_s705&quot;,&quot;enable_custom_html_atts&quot;:0,&quot;custom_html_atts&quot;:null,&quot;hide_on_states&quot;:&quot;&quot;,&quot;hide_for_sticky&quot;:0,&quot;hide_for_not_sticky&quot;:0,&quot;hide_below&quot;:&quot;0px&quot;,&quot;hide_above&quot;:&quot;0px&quot;,&quot;classes&quot;:&quot;&quot;},&quot;found_posts&quot;:4,&quot;per_page&quot;:4,&quot;list_filters&quot;:&quot;[]&quot;},&quot;facetedFilter&quot;:{&quot;query_args_unfiltered&quot;:&quot;{\\&quot;ignore_sticky_posts\\&quot;:false,\\&quot;post__not_in\\&quot;:[],\\&quot;tax_query\\&quot;:[],\\&quot;meta_query\\&quot;:[],\\&quot;posts_per_page\\&quot;:4,\\&quot;paged\\&quot;:1,\\&quot;apply_list_url_params\\&quot;:true,\\&quot;post_type\\&quot;:[\\&quot;post\\&quot;],\\&quot;post_status\\&quot;:\\&quot;publish\\&quot;}&quot;}}'><\/div><\/div><\/div><\/div><\/div><\/div><\/section>\n","protected":false},"excerpt":{"rendered":"L'histoire du lapis-lazuli remonte \u00e0 l'Antiquit\u00e9. Il \u00e9tait tr\u00e8s pris\u00e9 dans diverses civilisations, notamment celles d'\u00c9gypte, de M\u00e9sopotamie et de la vall\u00e9e de l'Indus. Dans l'\u00c9gypte antique, le lapis-lazuli \u00e9tait associ\u00e9 aux cieux et \u00e9tait utilis\u00e9 pour orner les masques fun\u00e9raires des pharaons, dont Toutankhamon. Il \u00e9tait \u00e9galement utilis\u00e9 dans la cr\u00e9ation de bijoux, d'amulettes...","protected":false},"author":1,"featured_media":0,"parent":0,"menu_order":0,"comment_status":"closed","ping_status":"closed","template":"","meta":{"_acf_changed":false,"footnotes":""},"class_list":["post-8989","page","type-page","status-publish","hentry"],"acf":[],"_links":{"self":[{"href":"https:\/\/www.akbijouxminerals.com\/fr\/wp-json\/wp\/v2\/pages\/8989","targetHints":{"allow":["GET"]}}],"collection":[{"href":"https:\/\/www.akbijouxminerals.com\/fr\/wp-json\/wp\/v2\/pages"}],"about":[{"href":"https:\/\/www.akbijouxminerals.com\/fr\/wp-json\/wp\/v2\/types\/page"}],"author":[{"embeddable":true,"href":"https:\/\/www.akbijouxminerals.com\/fr\/wp-json\/wp\/v2\/users\/1"}],"replies":[{"embeddable":true,"href":"https:\/\/www.akbijouxminerals.com\/fr\/wp-json\/wp\/v2\/comments?post=8989"}],"version-history":[{"count":2,"href":"https:\/\/www.akbijouxminerals.com\/fr\/wp-json\/wp\/v2\/pages\/8989\/revisions"}],"predecessor-version":[{"id":13626,"href":"https:\/\/www.akbijouxminerals.com\/fr\/wp-json\/wp\/v2\/pages\/8989\/revisions\/13626"}],"wp:attachment":[{"href":"https:\/\/www.akbijouxminerals.com\/fr\/wp-json\/wp\/v2\/media?parent=8989"}],"curies":[{"name":"wp","href":"https:\/\/api.w.org\/{rel}","templated":true}]}}