{"id":8983,"date":"2023-04-28T00:33:16","date_gmt":"2023-04-27T22:33:16","guid":{"rendered":"https:\/\/www.akbijouxminerals.com\/cookies\/"},"modified":"2025-02-13T09:12:40","modified_gmt":"2025-02-13T08:12:40","slug":"cookies","status":"publish","type":"page","link":"https:\/\/www.akbijouxminerals.com\/fr\/cookies\/","title":{"rendered":"Cookies"},"content":{"rendered":"<section class=\"l-section wpb_row height_medium\"><div class=\"l-section-h i-cf\"><div class=\"g-cols vc_row via_grid cols_1 laptops-cols_inherit tablets-cols_inherit mobiles-cols_1 valign_top type_default stacking_default\"><div class=\"wpb_column vc_column_container\"><div class=\"vc_column-inner\"><h1 class=\"w-post-elm post_title entry-title color_link_inherit\">Cookies<\/h1><div class=\"wpb_text_column\"><div class=\"wpb_wrapper\"><div>Voici la politique de cookies pour AK Bijoux Minerals, accessible depuis akbijouxminerals.com\/fr\/cookies<\/div>\n<h2>Que sont les cookies ?<\/h2>\n<div>Comme c&rsquo;est la pratique courante sur presque tous les sites Web professionnels, ce site utilise des cookies, qui sont de minuscules fichiers t\u00e9l\u00e9charg\u00e9s sur votre ordinateur, pour am\u00e9liorer votre exp\u00e9rience. Cette page d\u00e9crit les informations qu&rsquo;ils collectent, comment nous les utilisons et pourquoi nous devons parfois stocker ces cookies. Nous vous expliquerons \u00e9galement comment vous pouvez emp\u00eacher le stockage de ces cookies, mais cela peut d\u00e9grader ou \u00ab casser \u00bb certains \u00e9l\u00e9ments de la fonctionnalit\u00e9 du site.<\/div>\n<h2>Comment nous utilisons les cookies<\/h2>\n<div>Nous utilisons des cookies pour diverses raisons d\u00e9taill\u00e9es ci-dessous. Malheureusement, dans la plupart des cas, il n&rsquo;existe pas d&rsquo;options standard de l&rsquo;industrie pour d\u00e9sactiver les cookies sans d\u00e9sactiver compl\u00e8tement la fonctionnalit\u00e9 et les fonctionnalit\u00e9s qu&rsquo;ils ajoutent \u00e0 ce site. Il est recommand\u00e9 de laisser tous les cookies activ\u00e9s si vous n&rsquo;\u00eates pas s\u00fbr d&rsquo;en avoir besoin ou non au cas o\u00f9 ils seraient utilis\u00e9s pour fournir un service que vous utilisez.<\/div>\n<h2>D\u00e9sactivation des cookies<\/h2>\n<div>Vous pouvez emp\u00eacher l&rsquo;installation de cookies en ajustant les param\u00e8tres de votre navigateur (consultez l&rsquo;aide de votre navigateur pour savoir comment proc\u00e9der). Sachez que la d\u00e9sactivation des cookies affectera la fonctionnalit\u00e9 de ce site et de nombreux autres sites Web que vous visitez. La d\u00e9sactivation des cookies entra\u00eene g\u00e9n\u00e9ralement la d\u00e9sactivation de certaines fonctionnalit\u00e9s et caract\u00e9ristiques de ce site. Par cons\u00e9quent, il est recommand\u00e9 de ne pas d\u00e9sactiver les cookies. Cette politique de cookies a \u00e9t\u00e9 cr\u00e9\u00e9e \u00e0 l&rsquo;aide du g\u00e9n\u00e9rateur de politique de cookies.<\/div>\n<h2>Les cookies que nous d\u00e9finissons<\/h2>\n<div>Cookies de pr\u00e9f\u00e9rences du site :<\/div>\n<div><\/div>\n<\/div><\/div><div class=\"w-html\"> <div class=\"cky-audit-table-element\"><\/div><\/div><div class=\"wpb_text_column\"><div class=\"wpb_wrapper\"><div>Afin de vous offrir une exp\u00e9rience optimale sur ce site, nous fournissons la fonctionnalit\u00e9 permettant de d\u00e9finir vos pr\u00e9f\u00e9rences quant au fonctionnement de ce site lorsque vous l&rsquo;utilisez. Afin de m\u00e9moriser vos pr\u00e9f\u00e9rences, nous devons d\u00e9finir des cookies afin que ces informations puissent \u00eatre appel\u00e9es chaque fois que vous interagissez avec une page affect\u00e9e par vos pr\u00e9f\u00e9rences.<\/div>\n<h2>Cookies tiers<\/h2>\n<div>Dans certains cas particuliers, nous utilisons \u00e9galement des cookies fournis par des tiers de confiance. La section suivante d\u00e9taille les cookies tiers que vous pourriez rencontrer via ce site.<br \/>\nCe site utilise Google Analytics, l&rsquo;une des solutions d&rsquo;analyse les plus r\u00e9pandues et les plus fiables sur le Web, pour nous aider \u00e0 comprendre comment vous utilisez le site et les moyens par lesquels nous pouvons am\u00e9liorer votre exp\u00e9rience. Ces cookies peuvent suivre des \u00e9l\u00e9ments tels que le temps que vous passez sur le site et les pages que vous visitez afin que nous puissions continuer \u00e0 produire du contenu attrayant.<br \/>\nPour plus d&rsquo;informations sur les cookies de Google Analytics, consultez la page officielle de Google Analytics.<br \/>\nDe temps en temps, nous testons de nouvelles fonctionnalit\u00e9s et apportons des modifications subtiles \u00e0 la mani\u00e8re dont le site est diffus\u00e9. Lorsque nous testons encore de nouvelles fonctionnalit\u00e9s, ces cookies peuvent \u00eatre utilis\u00e9s pour garantir que vous recevez une exp\u00e9rience coh\u00e9rente sur le site tout en nous assurant de comprendre quelles optimisations nos utilisateurs appr\u00e9cient le plus.<\/div>\n<h2>Plus d&rsquo;informations<\/h2>\n<div>J&rsquo;esp\u00e8re que cela a clarifi\u00e9 les choses pour vous et comme cela a \u00e9t\u00e9 mentionn\u00e9 pr\u00e9c\u00e9demment, s&rsquo;il y a quelque chose dont vous n&rsquo;\u00eates pas s\u00fbr d&rsquo;avoir besoin ou non, il est g\u00e9n\u00e9ralement plus s\u00fbr de laisser les cookies activ\u00e9s au cas o\u00f9 cela interagirait avec l&rsquo;une des fonctionnalit\u00e9s que vous utilisez sur notre site.<br \/>\nPour des informations plus g\u00e9n\u00e9rales sur les cookies, veuillez lire l&rsquo;article sur la politique relative aux cookies.<br \/>\nCependant, si vous recherchez toujours plus d&rsquo;informations, vous pouvez nous contacter via l&rsquo;une de nos m\u00e9thodes de contact pr\u00e9f\u00e9r\u00e9es :<br \/>\nE-mail : info@akbijouxminerals.com<\/div>\n<\/div><\/div><\/div><\/div><\/div><\/div><\/section>\n","protected":false},"excerpt":{"rendered":"CookiesVoici la politique de cookies pour AK Bijoux Minerals, accessible depuis akbijouxminerals.com\/fr\/cookies Que sont les cookies ? Comme c&rsquo;est la pratique courante sur presque tous les sites Web professionnels, ce site utilise des cookies, qui sont de minuscules fichiers t\u00e9l\u00e9charg\u00e9s sur votre ordinateur, pour am\u00e9liorer votre exp\u00e9rience. Cette page d\u00e9crit les informations qu&rsquo;ils collectent, comment...","protected":false},"author":1,"featured_media":0,"parent":0,"menu_order":0,"comment_status":"closed","ping_status":"closed","template":"","meta":{"_acf_changed":false,"footnotes":""},"class_list":["post-8983","page","type-page","status-publish","hentry"],"acf":[],"_links":{"self":[{"href":"https:\/\/www.akbijouxminerals.com\/fr\/wp-json\/wp\/v2\/pages\/8983","targetHints":{"allow":["GET"]}}],"collection":[{"href":"https:\/\/www.akbijouxminerals.com\/fr\/wp-json\/wp\/v2\/pages"}],"about":[{"href":"https:\/\/www.akbijouxminerals.com\/fr\/wp-json\/wp\/v2\/types\/page"}],"author":[{"embeddable":true,"href":"https:\/\/www.akbijouxminerals.com\/fr\/wp-json\/wp\/v2\/users\/1"}],"replies":[{"embeddable":true,"href":"https:\/\/www.akbijouxminerals.com\/fr\/wp-json\/wp\/v2\/comments?post=8983"}],"version-history":[{"count":2,"href":"https:\/\/www.akbijouxminerals.com\/fr\/wp-json\/wp\/v2\/pages\/8983\/revisions"}],"predecessor-version":[{"id":10750,"href":"https:\/\/www.akbijouxminerals.com\/fr\/wp-json\/wp\/v2\/pages\/8983\/revisions\/10750"}],"wp:attachment":[{"href":"https:\/\/www.akbijouxminerals.com\/fr\/wp-json\/wp\/v2\/media?parent=8983"}],"curies":[{"name":"wp","href":"https:\/\/api.w.org\/{rel}","templated":true}]}}