{"id":6049,"date":"2019-03-22T08:08:43","date_gmt":"2019-03-22T07:08:43","guid":{"rendered":"https:\/\/www.akbijouxminerals.com\/mon-compte\/"},"modified":"2025-03-03T17:58:31","modified_gmt":"2025-03-03T16:58:31","slug":"mon-compte","status":"publish","type":"page","link":"https:\/\/www.akbijouxminerals.com\/fr\/mon-compte\/","title":{"rendered":"Mon compte"},"content":{"rendered":"<section class=\"l-section wpb_row height_small\"><div class=\"l-section-h i-cf\"><div class=\"g-cols vc_row via_grid cols_1 laptops-cols_inherit tablets-cols_inherit mobiles-cols_1 valign_top type_default stacking_default\"><div class=\"wpb_column vc_column_container\"><div class=\"vc_column-inner\">\t<div class=\"w-account-login woocommerce style_default us-field-style_1\">\r\n\t\t<div class=\"woocommerce-notices-wrapper\"><\/div>\n\n<div class=\"u-columns col2-set\" id=\"customer_login\">\n\n\t<div class=\"u-column1 col-1\">\n\n\n\t\t<h2>Se connecter<\/h2>\n\n\t\t<form class=\"woocommerce-form woocommerce-form-login login\" method=\"post\" novalidate>\n\n\t\t\t\n\t\t\t<p class=\"woocommerce-form-row woocommerce-form-row--wide form-row form-row-wide\">\n\t\t\t\t<label for=\"username\">Identifiant ou e-mail&nbsp;<span class=\"required\" aria-hidden=\"true\">*<\/span><span class=\"screen-reader-text\">Obligatoire<\/span><\/label>\n\t\t\t\t<input type=\"text\" class=\"woocommerce-Input woocommerce-Input--text input-text\" name=\"username\" id=\"username\" autocomplete=\"username\" value=\"\" required aria-required=\"true\" \/>\t\t\t<\/p>\n\t\t\t<p class=\"woocommerce-form-row woocommerce-form-row--wide form-row form-row-wide\">\n\t\t\t\t<label for=\"password\">Mot de passe&nbsp;<span class=\"required\" aria-hidden=\"true\">*<\/span><span class=\"screen-reader-text\">Obligatoire<\/span><\/label>\n\t\t\t\t<input class=\"woocommerce-Input woocommerce-Input--text input-text\" type=\"password\" name=\"password\" id=\"password\" autocomplete=\"current-password\" required aria-required=\"true\" \/>\n\t\t\t<\/p>\n\n\t\t\t\t\t<div class=\"g-recaptcha\" data-sitekey=\"6Ld1ogAsAAAAAE6Dxwdk_YxkFybzo9vVm35lpJv_\"><\/div>\r\n\t\t<br\/>\r\n\t\t<input type=\"hidden\" name=\"rememberme\" value=\"forever\">\n\t\t\t<p class=\"form-row\">\n\t\t\t\t<label class=\"woocommerce-form__label woocommerce-form__label-for-checkbox woocommerce-form-login__rememberme\">\n\t\t\t\t\t<input class=\"woocommerce-form__input woocommerce-form__input-checkbox\" name=\"rememberme\" type=\"checkbox\" id=\"rememberme\" value=\"forever\" \/> <span>Se souvenir de moi<\/span>\n\t\t\t\t<\/label>\n\t\t\t\t<input type=\"hidden\" id=\"woocommerce-login-nonce\" name=\"woocommerce-login-nonce\" value=\"bb3df270ad\" \/><input type=\"hidden\" name=\"_wp_http_referer\" value=\"\/fr\/wp-json\/wp\/v2\/pages\/6049\" \/>\t\t\t\t<button type=\"submit\" class=\"woocommerce-button button woocommerce-form-login__submit\" name=\"login\" value=\"Se connecter\">Se connecter<\/button>\n\t\t\t<\/p>\n\t\t\t<p class=\"woocommerce-LostPassword lost_password\">\n\t\t\t\t<a href=\"https:\/\/www.akbijouxminerals.com\/fr\/mon-compte\/lost-password\/\">Mot de passe perdu\u00a0?<\/a>\n\t\t\t<\/p>\n\n\t\t\t\n\t\t<\/form>\n\n\n\t<\/div>\n\n\t<div class=\"u-column2 col-2\">\n\n\t\t<h2>S\u2019inscrire<\/h2>\n\n\t\t<form method=\"post\" class=\"woocommerce-form woocommerce-form-register register\"  >\n\n\t\t\t<input type=\"hidden\" id=\"afreg_nonce_field\" name=\"afreg_nonce_field\" value=\"f2ea52b9ed\" \/><input type=\"hidden\" name=\"_wp_http_referer\" value=\"\/fr\/wp-json\/wp\/v2\/pages\/6049\" \/>\t\t\t\t<div class=\"afreg_extra_fields\">\n\t\t\t\t\t\t\t\t\t\t\t<p id=\"billing_company\" class=\"form-row afreg_full_field\">\n\t\t\t\t\t\t\t<label for=\"billing_company\">Entreprise\t\t\t\t\t\t\t\t\t\t\t\t\t<\/label>\n\t\t\t\t\t\t\t<input type=\"text\" class=\"input-text\" name=\"billing_company\" id=\"billing_company\" value=\"\" placeholder=\"Enter your company name\" \/>\n\t\t\t\t\t\t\t\t\t\t\t\t\t<\/p>\n\t\t\t\t\t\t\n\t\t\t\t\t\t\t\t\t\t\t<p id=\"first_name\" class=\"form-row afreg_half_field\">\n\t\t\t\t\t\t\t<label for=\"first_name\">Pr\u00e9nom\t\t\t\t\t\t\t\t\t\t\t\t\t\t<span class=\"required\">*<\/span> \t\t\t\t\t\t\t<\/label>\n\t\t\t\t\t\t\t<input type=\"text\" class=\"input-text\" name=\"first_name\" id=\"first_name\" value=\"\" placeholder=\"Enter your first name\" \/>\n\t\t\t\t\t\t\t\t\t\t\t\t\t<\/p>\n\t\t\t\t\t\t\n\t\t\t\t\t\t\t\t\t\t\t<p id=\"last_name\" class=\"form-row afreg_half_field\">\n\t\t\t\t\t\t\t<label for=\"last_name\">Nom\t\t\t\t\t\t\t\t\t\t\t\t\t\t<span class=\"required\">*<\/span> \t\t\t\t\t\t\t<\/label>\n\t\t\t\t\t\t\t<input type=\"text\" class=\"input-text\" name=\"last_name\" id=\"last_name\" value=\"\" placeholder=\"Enter your last name\" \/>\n\t\t\t\t\t\t\t\t\t\t\t\t\t<\/p>\n\t\t\t\t\t\t\n\t\t\t\t\t\t\t\t\t\t\t<p id=\"billing_city\" class=\"form-row afreg_half_field\">\n\t\t\t\t\t\t\t<label for=\"billing_city\">Ville\t\t\t\t\t\t\t\t\t\t\t\t\t\t<span class=\"required\">*<\/span> \t\t\t\t\t\t\t<\/label>\n\t\t\t\t\t\t\t<input type=\"text\" class=\"input-text\" name=\"billing_city\" id=\"billing_city\" value=\"\" placeholder=\"Enter your city\" \/>\n\t\t\t\t\t\t\t\t\t\t\t\t\t<\/p>\n\t\t\t\t\t\t\n\t\t\t\t\t\t\t\t\t\t\t<p id=\"billing_phone\" class=\"form-row afreg_half_field\">\n\t\t\t\t\t\t\t<label for=\"billing_phone\">T\u00e9l\u00e9phone\t\t\t\t\t\t\t\t\t\t\t\t\t\t<span class=\"required\">*<\/span> \t\t\t\t\t\t\t<\/label>\n\t\t\t\t\t\t\t<input type=\"tel\" class=\"input-text\" name=\"billing_phone\" id=\"billing_phone\" value=\"\" placeholder=\"Enter your phone\" \/>\n\t\t\t\t\t\t\t\t\t\t\t\t\t<\/p>\n\t\t\t\t\t\t\n\t\t\t\t\t\t\t\t<\/div>\n\t\t\t\n\t\t\t\n\t\t\t<p class=\"woocommerce-form-row woocommerce-form-row--wide form-row form-row-wide\">\n\t\t\t\t<label for=\"reg_email\">Adresse e-mail&nbsp;<span class=\"required\" aria-hidden=\"true\">*<\/span><span class=\"screen-reader-text\">Obligatoire<\/span><\/label>\n\t\t\t\t<input type=\"email\" class=\"woocommerce-Input woocommerce-Input--text input-text\" name=\"email\" id=\"reg_email\" autocomplete=\"email\" value=\"\" required aria-required=\"true\" \/>\t\t\t<\/p>\n\n\t\t\t\n\t\t\t\t<p>Un lien permettant de d\u00e9finir un nouveau mot de passe sera envoy\u00e9 \u00e0 votre adresse e-mail.<\/p>\n\n\t\t\t\n\t\t\t\n\t\t\t<div class=\"afreg_extra_fields\">\n\t\t\t\t<h3><\/h3>\n\n\t\t\t\t<input type=\"hidden\" id=\"afreg_nonce_field\" name=\"afreg_nonce_field\" value=\"f2ea52b9ed\" \/><input type=\"hidden\" name=\"_wp_http_referer\" value=\"\/fr\/wp-json\/wp\/v2\/pages\/6049\" \/>\n\t\t\t\t\n\t\t\t\t\t\t\t<p class=\"af-dependable-field form-row form-row-wide newr\" id=\"afreg_additionalshowhide_10933\">\n\t\t\t\t\t\t\t\t<label for=\"afreg_additional_10933\">\n\t\t\t\t\t\t\t\t\tInstagram\t\t\t\t\t\t\t\t\t<span class=\"required\">\n\t\t\t\t\t\t\t\t\t\t\t\t\t\t\t\t\t\t\t<\/span>\n\t\t\t\t\t\t\t\t<\/label>\n\t\t\t\t\t\t\t\t<input type=\"text\" class=\" afreg_additional_10933 input-text \n\t\t\t\t\t\t\t\t\t\t\t\t\t\t\t\t\" name=\"afreg_additional_10933\" id=\"afreg_additional_10933\" value=\"\" placeholder=\"\" \/>\n\t\t\t\t\t\t\t\t\t\t\t\t\t\t\t<\/p>\n\n\t\t\t\t\t\t\n\t\t\t\t\t\t<!-- Dependable -->\n\t\t\t\t\t\t\n\n\t\t\t\t\t\t\t\t\t<\/div>\n\n\t\t\t\t\t<div class=\"g-recaptcha\" data-sitekey=\"6Ld1ogAsAAAAAE6Dxwdk_YxkFybzo9vVm35lpJv_\"><\/div>\r\n\t\t<br\/>\r\n\t\t<wc-order-attribution-inputs><\/wc-order-attribution-inputs><p class=\"form-row form-row-wide validate-eu-vat-number\" id=\"billing_eu_vat_number_field\" data-priority=\"31\"><label for=\"billing_eu_vat_number\" class=\"\">EU\/UK VAT Number&nbsp;<span class=\"optional\">(facultatif)<\/span><\/label><span class=\"woocommerce-input-wrapper\"><input type=\"text\" class=\"input-text \" name=\"billing_eu_vat_number\" id=\"billing_eu_vat_number\" placeholder=\"EU\/UK VAT Number\"  value=\"\"  \/><\/span><\/p><div class=\"woocommerce-privacy-policy-text\"><p>Apr\u00e8s l'enregistrement, nous examinerons et approuverons manuellement votre compte. D'ici l\u00e0, vous ne pourrez pas voir les prix sur notre site web. Vos donn\u00e9es personnelles seront utilis\u00e9es pour faciliter votre exp\u00e9rience sur ce site web, pour g\u00e9rer l'acc\u00e8s \u00e0 votre compte et pour d'autres raisons d\u00e9crites dans notre <a href=\"https:\/\/www.akbijouxminerals.com\/?page_id=3\" class=\"woocommerce-privacy-policy-link\" target=\"_blank\">politique de confidentialit\u00e9<\/a>.<\/p>\n<\/div>\n\t\t\t<p class=\"woocommerce-form-row form-row\">\n\t\t\t\t<input type=\"hidden\" id=\"woocommerce-register-nonce\" name=\"woocommerce-register-nonce\" value=\"63ab9d0ae6\" \/><input type=\"hidden\" name=\"_wp_http_referer\" value=\"\/fr\/wp-json\/wp\/v2\/pages\/6049\" \/>\t\t\t\t<button type=\"submit\" class=\"woocommerce-Button woocommerce-button button woocommerce-form-register__submit\" name=\"register\" value=\"S\u2019inscrire\">S\u2019inscrire<\/button>\n\t\t\t<\/p>\n\n\t\t\t\n\t\t<\/form>\n\n\t<\/div>\n\n<\/div>\n\n\t<\/div>\r\n\t<\/div><\/div><\/div><\/div><\/section>\n","protected":false},"excerpt":{"rendered":"Se connecter Identifiant ou e-mail&nbsp;*Obligatoire Mot de passe&nbsp;*Obligatoire Se souvenir de moi Se connecter Mot de passe perdu\u00a0? S\u2019inscrire Entreprise Pr\u00e9nom * Nom * Ville * T\u00e9l\u00e9phone * Adresse e-mail&nbsp;*Obligatoire Un lien permettant de d\u00e9finir un nouveau mot de passe sera envoy\u00e9 \u00e0 votre adresse e-mail. Instagram EU\/UK VAT Number&nbsp;(facultatif)Apr\u00e8s l'enregistrement, nous examinerons et approuverons...","protected":false},"author":1,"featured_media":0,"parent":0,"menu_order":0,"comment_status":"closed","ping_status":"closed","template":"","meta":{"_acf_changed":false,"footnotes":""},"class_list":["post-6049","page","type-page","status-publish","hentry"],"acf":[],"_links":{"self":[{"href":"https:\/\/www.akbijouxminerals.com\/fr\/wp-json\/wp\/v2\/pages\/6049","targetHints":{"allow":["GET"]}}],"collection":[{"href":"https:\/\/www.akbijouxminerals.com\/fr\/wp-json\/wp\/v2\/pages"}],"about":[{"href":"https:\/\/www.akbijouxminerals.com\/fr\/wp-json\/wp\/v2\/types\/page"}],"author":[{"embeddable":true,"href":"https:\/\/www.akbijouxminerals.com\/fr\/wp-json\/wp\/v2\/users\/1"}],"replies":[{"embeddable":true,"href":"https:\/\/www.akbijouxminerals.com\/fr\/wp-json\/wp\/v2\/comments?post=6049"}],"version-history":[{"count":2,"href":"https:\/\/www.akbijouxminerals.com\/fr\/wp-json\/wp\/v2\/pages\/6049\/revisions"}],"predecessor-version":[{"id":10929,"href":"https:\/\/www.akbijouxminerals.com\/fr\/wp-json\/wp\/v2\/pages\/6049\/revisions\/10929"}],"wp:attachment":[{"href":"https:\/\/www.akbijouxminerals.com\/fr\/wp-json\/wp\/v2\/media?parent=6049"}],"curies":[{"name":"wp","href":"https:\/\/api.w.org\/{rel}","templated":true}]}}