{"id":8996,"date":"2019-03-26T11:10:01","date_gmt":"2019-03-26T10:10:01","guid":{"rendered":"https:\/\/www.akbijouxminerals.com\/privacy-statement\/"},"modified":"2025-02-20T13:03:43","modified_gmt":"2025-02-20T12:03:43","slug":"privacy-statement","status":"publish","type":"page","link":"https:\/\/www.akbijouxminerals.com\/es\/privacy-statement\/","title":{"rendered":"Pol\u00edtica de privacidad"},"content":{"rendered":"<section class=\"l-section wpb_row height_medium\"><div class=\"l-section-h i-cf\"><div class=\"g-cols vc_row via_grid cols_1 laptops-cols_inherit tablets-cols_inherit mobiles-cols_1 valign_top type_default stacking_default\"><div class=\"wpb_column vc_column_container\"><div class=\"vc_column-inner\"><h1 class=\"w-post-elm post_title entry-title color_link_inherit\">Pol\u00edtica de privacidad<\/h1><div class=\"wpb_text_column\"><div class=\"wpb_wrapper\"><div>En AK Bijoux Minerals, accesible desde akbijouxminerals.com, una de nuestras principales prioridades es la privacidad de nuestros visitantes. Este documento de Pol\u00edtica de privacidad contiene los tipos de informaci\u00f3n que akbijouxminerals.com recopila y registra y c\u00f3mo la utilizamos.<br \/>\nSi tiene preguntas adicionales o necesita m\u00e1s informaci\u00f3n sobre nuestra Pol\u00edtica de privacidad, no dude en ponerse en contacto con nosotros.<br \/>\nEsta Pol\u00edtica de privacidad se aplica \u00fanicamente a nuestras actividades en l\u00ednea y es v\u00e1lida para los visitantes de nuestro sitio web con respecto a la informaci\u00f3n que compartieron y\/o recopilaron en akbijouxminerals.com. Esta pol\u00edtica no se aplica a ninguna informaci\u00f3n recopilada fuera de l\u00ednea o a trav\u00e9s de canales distintos a este sitio web. Nuestra Pol\u00edtica de privacidad se cre\u00f3 con la ayuda del Generador de pol\u00edticas de privacidad.<\/div>\n<h2>Consentimiento<\/h2>\n<div>Al utilizar nuestro sitio web, usted acepta nuestra Pol\u00edtica de privacidad y acepta sus t\u00e9rminos.<\/div>\n<h2>Informaci\u00f3n que recopilamos<\/h2>\n<div>La informaci\u00f3n personal que se le solicita que proporcione y las razones por las que se le solicita que la proporcione se le aclarar\u00e1n en el momento en que le solicitemos que proporcione su informaci\u00f3n personal.<br \/>\nSi se comunica con nosotros directamente, podemos recibir informaci\u00f3n adicional sobre usted, como su nombre, direcci\u00f3n de correo electr\u00f3nico, n\u00famero de tel\u00e9fono, el contenido del mensaje y\/o los archivos adjuntos que nos env\u00ede y cualquier otra informaci\u00f3n que elija proporcionar.<br \/>\nCuando se registra para una cuenta, podemos solicitar su informaci\u00f3n de contacto, incluidos elementos como nombre, nombre de la empresa, direcci\u00f3n, direcci\u00f3n de correo electr\u00f3nico y n\u00famero de tel\u00e9fono.<\/div>\n<h2>C\u00f3mo utilizamos su informaci\u00f3n<\/h2>\n<div>Utilizamos la informaci\u00f3n que recopilamos de varias maneras, que incluyen:<br \/>\nProporcionar, operar y mantener nuestro sitio web<br \/>\nMejorar, personalizar y expandir nuestro sitio web<br \/>\nComprender y analizar c\u00f3mo utiliza nuestro sitio web<br \/>\nDesarrollar nuevos productos, servicios, caracter\u00edsticas y funcionalidades<br \/>\nComunicarnos con usted, ya sea directamente o a trav\u00e9s de uno de nuestros socios, incluso para el servicio de atenci\u00f3n al cliente, para brindarle actualizaciones y otra informaci\u00f3n relacionada con el sitio web, y para fines de marketing y promoci\u00f3n<br \/>\nEnviarle correos electr\u00f3nicos<br \/>\nEncontrar y prevenir fraudes<br \/>\nArchivos de registro<br \/>\nakbijouxminerals.com sigue un procedimiento est\u00e1ndar de uso de archivos de registro. Estos archivos registran a los visitantes cuando visitan sitios web. Todas las empresas de alojamiento hacen esto y forman parte de las anal\u00edticas de los servicios de alojamiento. La informaci\u00f3n recopilada por los archivos de registro incluye direcciones de protocolo de Internet (IP), tipo de navegador, proveedor de servicios de Internet (ISP), sello de fecha y hora, p\u00e1ginas de referencia\/salida y, posiblemente, la cantidad de clics. Estos datos no est\u00e1n vinculados a ninguna informaci\u00f3n que sea personalmente identificable. El prop\u00f3sito de la informaci\u00f3n es analizar tendencias, administrar el sitio, rastrear el movimiento de los usuarios en el sitio web y recopilar informaci\u00f3n demogr\u00e1fica.<\/div>\n<h2>Cookies y Web Beacons<\/h2>\n<div>Como cualquier otro sitio web, akbijouxminerals.com utiliza \u201ccookies\u201d. Estas cookies se utilizan para almacenar informaci\u00f3n, incluidas las preferencias de los visitantes y las p\u00e1ginas del sitio web a las que accedi\u00f3 o visit\u00f3 el visitante. La informaci\u00f3n se utiliza para optimizar la experiencia de los usuarios personalizando el contenido de nuestra p\u00e1gina web en funci\u00f3n del tipo de navegador de los visitantes y\/u otra informaci\u00f3n.<br \/>\nPara obtener informaci\u00f3n m\u00e1s general sobre las cookies, lea la Pol\u00edtica de cookies.<\/div>\n<h2>Pol\u00edticas de privacidad de los socios publicitarios<\/h2>\n<div>Puede consultar esta lista para encontrar la Pol\u00edtica de privacidad de cada uno de los socios publicitarios de akbijouxminerals.com.<br \/>\nLos servidores de anuncios o redes publicitarias de terceros utilizan tecnolog\u00edas como cookies, JavaScript o Web Beacons que se utilizan en sus respectivos anuncios y enlaces que aparecen en akbijouxminerals.com, que se env\u00edan directamente al navegador de los usuarios. Reciben autom\u00e1ticamente su direcci\u00f3n IP cuando esto ocurre. Estas tecnolog\u00edas se utilizan para medir la eficacia de sus campa\u00f1as publicitarias y\/o para personalizar el contenido publicitario que ve en los sitios web que visita.<br \/>\nTenga en cuenta que akbijouxminerals.com no tiene acceso ni control sobre estas cookies que utilizan los anunciantes de terceros.<\/div>\n<h2>Pol\u00edticas de privacidad de terceros<\/h2>\n<div>La Pol\u00edtica de privacidad de akbijouxminerals.com no se aplica a otros anunciantes o sitios web. Por lo tanto, le recomendamos que consulte las respectivas Pol\u00edticas de privacidad de estos servidores de anuncios de terceros para obtener informaci\u00f3n m\u00e1s detallada. Puede incluir sus pr\u00e1cticas e instrucciones sobre c\u00f3mo inhabilitar determinadas opciones.<br \/>\nPuede optar por deshabilitar las cookies a trav\u00e9s de las opciones de su navegador individual. Para conocer informaci\u00f3n m\u00e1s detallada sobre la gesti\u00f3n de cookies con navegadores web espec\u00edficos, puede encontrarla en los sitios web respectivos de los navegadores.<br \/>\nDerechos de privacidad de la CCPA (No vender mi informaci\u00f3n personal)<br \/>\nSeg\u00fan la CCPA, entre otros derechos, los consumidores de California tienen derecho a:<br \/>\nSolicitar que una empresa que recopila datos personales de un consumidor divulgue las categor\u00edas y los datos personales espec\u00edficos que una empresa ha recopilado sobre los consumidores.<br \/>\nSolicitar que una empresa elimine cualquier dato personal sobre el consumidor que haya recopilado una empresa.<br \/>\nSolicitar que una empresa que vende los datos personales de un consumidor no venda los datos personales del consumidor.<br \/>\nSi realiza una solicitud, tenemos un mes para responderle. Si desea ejercer alguno de estos derechos, comun\u00edquese con nosotros.<\/div>\n<h3>Derechos de protecci\u00f3n de datos del RGPD<\/h3>\n<div>Nos gustar\u00eda asegurarnos de que conozca plenamente todos sus derechos de protecci\u00f3n de datos. Todos los usuarios tienen derecho a lo siguiente:<br \/>\nEl derecho de acceso: tiene derecho a solicitar copias de sus datos personales. Podemos cobrarle una peque\u00f1a tarifa por este servicio.<br \/>\nEl derecho de rectificaci\u00f3n: tiene derecho a solicitar que corrijamos cualquier informaci\u00f3n que considere inexacta. Tambi\u00e9n tiene derecho a solicitar que completemos la informaci\u00f3n que considere incompleta.<br \/>\nEl derecho de supresi\u00f3n: tiene derecho a solicitar que borremos sus datos personales, en determinadas condiciones.<br \/>\nEl derecho a restringir el procesamiento: tiene derecho a solicitar que restrinjamos el procesamiento de sus datos personales, en determinadas condiciones.<br \/>\nEl derecho a oponerse al procesamiento: tiene derecho a oponerse a que procesemos sus datos personales, en determinadas condiciones.<br \/>\nEl derecho a la portabilidad de datos: tiene derecho a solicitar que transfiramos los datos que hemos recopilado a otra organizaci\u00f3n o directamente a usted, bajo ciertas condiciones.<br \/>\nSi realiza una solicitud, tenemos un mes para responderle. Si desea ejercer alguno de estos derechos, comun\u00edquese con nosotros.<\/div>\n<h3>Informaci\u00f3n de los ni\u00f1os<\/h3>\n<div>Otra parte de nuestra prioridad es agregar protecci\u00f3n para los ni\u00f1os mientras usan Internet. Alentamos a los padres y tutores a observar, participar y\/o monitorear y guiar su actividad en l\u00ednea.<br \/>\nakbijouxminerals.com no recopila intencionalmente ninguna informaci\u00f3n de identificaci\u00f3n personal de ni\u00f1os menores de 13 a\u00f1os. Si cree que su hijo proporcion\u00f3 este tipo de informaci\u00f3n en nuestro sitio web, le recomendamos encarecidamente que se comunique con nosotros de inmediato y haremos todo lo posible para eliminar r\u00e1pidamente dicha informaci\u00f3n de nuestros registros.<\/div>\n<\/div><\/div><div class=\"wpb_text_column\"><div class=\"wpb_wrapper\"><p>Para brindarle un mejor servicio, le solicitamos que nos brinde cierta informaci\u00f3n (nombre, direcci\u00f3n de correo electr\u00f3nico, direcci\u00f3n postal, etc.). Esta informaci\u00f3n se utilizar\u00e1 \u00fanicamente para procesar su pedido. No lo incluimos autom\u00e1ticamente en una lista de correo. Estas recomendaciones se gestionan por separado, \u00fanicamente con su consentimiento directo. Toda la informaci\u00f3n que mantenemos sobre nuestros clientes es segura y nunca se proporciona a un tercero. Cuando realiza pedidos o accede a nuestro sitio, tomamos medidas responsables para garantizar la confidencialidad de dicha informaci\u00f3n, incluido el uso de un servidor seguro.<\/p>\n<p>Titular: AK Bijoux Minerals SL<br \/>\nNIF: B 10770766<br \/>\nDomicilio social: Calle Sant Antoni 18-20<br \/>\n08800 Vilanova i la Geltr\u00fa<br \/>\nBarcelona<br \/>\nESPA\u00d1A<\/p>\n<p>N\u00fameros de contacto:<\/p>\n<p>Tania 0034 627 271 659<\/p>\n<p>Nico 0034 638 206 243<\/p>\n<p>info@akbijouxminerals.com<br \/>\nwww.akbijouxminerals.com<\/p>\n<\/div><\/div><\/div><\/div><\/div><\/div><\/section>\n","protected":false},"excerpt":{"rendered":"Pol\u00edtica de privacidadEn AK Bijoux Minerals, accesible desde akbijouxminerals.com, una de nuestras principales prioridades es la privacidad de nuestros visitantes. Este documento de Pol\u00edtica de privacidad contiene los tipos de informaci\u00f3n que akbijouxminerals.com recopila y registra y c\u00f3mo la utilizamos. Si tiene preguntas adicionales o necesita m\u00e1s informaci\u00f3n sobre nuestra Pol\u00edtica de privacidad, no dude...","protected":false},"author":1,"featured_media":0,"parent":0,"menu_order":0,"comment_status":"closed","ping_status":"closed","template":"","meta":{"_acf_changed":false,"footnotes":""},"class_list":["post-8996","page","type-page","status-publish","hentry"],"acf":[],"_links":{"self":[{"href":"https:\/\/www.akbijouxminerals.com\/es\/wp-json\/wp\/v2\/pages\/8996","targetHints":{"allow":["GET"]}}],"collection":[{"href":"https:\/\/www.akbijouxminerals.com\/es\/wp-json\/wp\/v2\/pages"}],"about":[{"href":"https:\/\/www.akbijouxminerals.com\/es\/wp-json\/wp\/v2\/types\/page"}],"author":[{"embeddable":true,"href":"https:\/\/www.akbijouxminerals.com\/es\/wp-json\/wp\/v2\/users\/1"}],"replies":[{"embeddable":true,"href":"https:\/\/www.akbijouxminerals.com\/es\/wp-json\/wp\/v2\/comments?post=8996"}],"version-history":[{"count":3,"href":"https:\/\/www.akbijouxminerals.com\/es\/wp-json\/wp\/v2\/pages\/8996\/revisions"}],"predecessor-version":[{"id":10860,"href":"https:\/\/www.akbijouxminerals.com\/es\/wp-json\/wp\/v2\/pages\/8996\/revisions\/10860"}],"wp:attachment":[{"href":"https:\/\/www.akbijouxminerals.com\/es\/wp-json\/wp\/v2\/media?parent=8996"}],"curies":[{"name":"wp","href":"https:\/\/api.w.org\/{rel}","templated":true}]}}