{"id":8984,"date":"2023-04-28T00:33:16","date_gmt":"2023-04-27T22:33:16","guid":{"rendered":"https:\/\/www.akbijouxminerals.com\/cookies\/"},"modified":"2025-02-13T09:12:36","modified_gmt":"2025-02-13T08:12:36","slug":"cookies","status":"publish","type":"page","link":"https:\/\/www.akbijouxminerals.com\/es\/cookies\/","title":{"rendered":"Cookies"},"content":{"rendered":"<section class=\"l-section wpb_row height_medium\"><div class=\"l-section-h i-cf\"><div class=\"g-cols vc_row via_grid cols_1 laptops-cols_inherit tablets-cols_inherit mobiles-cols_1 valign_top type_default stacking_default\"><div class=\"wpb_column vc_column_container\"><div class=\"vc_column-inner\"><h1 class=\"w-post-elm post_title entry-title color_link_inherit\">Cookies<\/h1><div class=\"wpb_text_column\"><div class=\"wpb_wrapper\"><div>Esta es la Pol\u00edtica de cookies de AK Bijoux Minerals, accesible desde akbijouxminerals.com\/es\/cookies<\/div>\n<h2>\u00bfQu\u00e9 son las cookies?<\/h2>\n<div>Como es pr\u00e1ctica com\u00fan en casi todos los sitios web profesionales, este sitio utiliza cookies, que son peque\u00f1os archivos que se descargan en su computadora, para mejorar su experiencia. Esta p\u00e1gina describe qu\u00e9 informaci\u00f3n recopilan, c\u00f3mo la usamos y por qu\u00e9 a veces necesitamos almacenar estas cookies. Tambi\u00e9n compartiremos c\u00f3mo puede evitar que se almacenen estas cookies; sin embargo, esto puede degradar o \u00abromper\u00bb ciertos elementos de la funcionalidad de los sitios.<\/div>\n<h2>C\u00f3mo usamos las cookies<\/h2>\n<div>Usamos cookies por una variedad de razones que se detallan a continuaci\u00f3n. Desafortunadamente, en la mayor\u00eda de los casos, no existen opciones est\u00e1ndar de la industria para deshabilitar las cookies sin deshabilitar por completo la funcionalidad y las caracter\u00edsticas que agregan a este sitio. Se recomienda que deje todas las cookies si no est\u00e1 seguro de si las necesita o no en caso de que se utilicen para brindar un servicio que utiliza.<\/div>\n<h2>Deshabilitar cookies<\/h2>\n<div>Puede evitar la configuraci\u00f3n de cookies ajustando la configuraci\u00f3n de su navegador (consulte la Ayuda de su navegador para saber c\u00f3mo hacerlo). Tenga en cuenta que la desactivaci\u00f3n de las cookies afectar\u00e1 la funcionalidad de este y muchos otros sitios web que visite. La desactivaci\u00f3n de las cookies generalmente tambi\u00e9n provocar\u00e1 la desactivaci\u00f3n de ciertas funciones y caracter\u00edsticas de este sitio. Por lo tanto, se recomienda que no deshabilite las cookies. Esta Pol\u00edtica de cookies se cre\u00f3 con la ayuda del Generador de pol\u00edticas de cookies.<\/div>\n<h2>Las cookies que configuramos<\/h2>\n<div>Cookies de preferencias del sitio:<\/div>\n<div><\/div>\n<\/div><\/div><div class=\"w-html\"> <div class=\"cky-audit-table-element\"><\/div><\/div><div class=\"wpb_text_column\"><div class=\"wpb_wrapper\"><div>Para brindarle una excelente experiencia en este sitio, brindamos la funcionalidad para configurar sus preferencias sobre c\u00f3mo se ejecuta este sitio cuando lo usa. Para recordar sus preferencias, necesitamos configurar cookies para que esta informaci\u00f3n pueda ser consultada cada vez que interact\u00fae con una p\u00e1gina que se ve afectada por sus preferencias.<\/div>\n<h2>Cookies de terceros<\/h2>\n<div>En algunos casos especiales, tambi\u00e9n utilizamos cookies proporcionadas por terceros de confianza. La siguiente secci\u00f3n detalla qu\u00e9 cookies de terceros puede encontrar a trav\u00e9s de este sitio.<br \/>\nEste sitio utiliza Google Analytics, que es una de las soluciones de an\u00e1lisis m\u00e1s extendidas y confiables en la web para ayudarnos a comprender c\u00f3mo utiliza el sitio y las formas en que podemos mejorar su experiencia. Estas cookies pueden rastrear aspectos como el tiempo que pasa en el sitio y las p\u00e1ginas que visita para que podamos seguir produciendo contenido atractivo.<br \/>\nPara obtener m\u00e1s informaci\u00f3n sobre las cookies de Google Analytics, consulte la p\u00e1gina oficial de Google Analytics.<br \/>\nDe vez en cuando probamos nuevas funciones y realizamos cambios sutiles en la forma en que se muestra el sitio. Cuando a\u00fan estamos probando nuevas funciones, estas cookies se pueden utilizar para garantizar que reciba una experiencia consistente mientras est\u00e1 en el sitio y, al mismo tiempo, asegurarnos de que entendemos qu\u00e9 optimizaciones aprecian m\u00e1s nuestros usuarios.<\/div>\n<h2>M\u00e1s informaci\u00f3n<\/h2>\n<div>Esperamos que esto le haya aclarado las cosas y, como se mencion\u00f3 anteriormente, si hay algo que no est\u00e1 seguro de si necesita o no, generalmente es m\u00e1s seguro dejar las cookies habilitadas en caso de que interact\u00fae con una de las funciones que utiliza en nuestro sitio.<br \/>\nPara obtener informaci\u00f3n m\u00e1s general sobre las cookies, lea el art\u00edculo de la Pol\u00edtica de cookies.<br \/>\nSin embargo, si a\u00fan busca m\u00e1s informaci\u00f3n, puede comunicarse con nosotros a trav\u00e9s de uno de nuestros m\u00e9todos de contacto preferidos:<br \/>\nCorreo electr\u00f3nico: info@akbijouxminerals.com<\/div>\n<\/div><\/div><\/div><\/div><\/div><\/div><\/section>\n","protected":false},"excerpt":{"rendered":"CookiesEsta es la Pol\u00edtica de cookies de AK Bijoux Minerals, accesible desde akbijouxminerals.com\/es\/cookies \u00bfQu\u00e9 son las cookies? Como es pr\u00e1ctica com\u00fan en casi todos los sitios web profesionales, este sitio utiliza cookies, que son peque\u00f1os archivos que se descargan en su computadora, para mejorar su experiencia. Esta p\u00e1gina describe qu\u00e9 informaci\u00f3n recopilan, c\u00f3mo la usamos...","protected":false},"author":1,"featured_media":0,"parent":0,"menu_order":0,"comment_status":"closed","ping_status":"closed","template":"","meta":{"_acf_changed":false,"footnotes":""},"class_list":["post-8984","page","type-page","status-publish","hentry"],"acf":[],"_links":{"self":[{"href":"https:\/\/www.akbijouxminerals.com\/es\/wp-json\/wp\/v2\/pages\/8984","targetHints":{"allow":["GET"]}}],"collection":[{"href":"https:\/\/www.akbijouxminerals.com\/es\/wp-json\/wp\/v2\/pages"}],"about":[{"href":"https:\/\/www.akbijouxminerals.com\/es\/wp-json\/wp\/v2\/types\/page"}],"author":[{"embeddable":true,"href":"https:\/\/www.akbijouxminerals.com\/es\/wp-json\/wp\/v2\/users\/1"}],"replies":[{"embeddable":true,"href":"https:\/\/www.akbijouxminerals.com\/es\/wp-json\/wp\/v2\/comments?post=8984"}],"version-history":[{"count":2,"href":"https:\/\/www.akbijouxminerals.com\/es\/wp-json\/wp\/v2\/pages\/8984\/revisions"}],"predecessor-version":[{"id":10752,"href":"https:\/\/www.akbijouxminerals.com\/es\/wp-json\/wp\/v2\/pages\/8984\/revisions\/10752"}],"wp:attachment":[{"href":"https:\/\/www.akbijouxminerals.com\/es\/wp-json\/wp\/v2\/media?parent=8984"}],"curies":[{"name":"wp","href":"https:\/\/api.w.org\/{rel}","templated":true}]}}