{"id":7859,"date":"2019-03-22T09:20:54","date_gmt":"2019-03-22T08:20:54","guid":{"rendered":"https:\/\/www.akbijouxminerals.com\/homepage\/"},"modified":"2026-03-03T11:22:22","modified_gmt":"2026-03-03T10:22:22","slug":"inicio","status":"publish","type":"page","link":"https:\/\/www.akbijouxminerals.com\/es\/","title":{"rendered":"Inicio"},"content":{"rendered":"<section class=\"l-section wpb_row height_auto\"><div class=\"l-section-h i-cf\"><div class=\"g-cols vc_row via_grid cols_1 laptops-cols_inherit tablets-cols_inherit mobiles-cols_1 valign_top type_default stacking_default\"><div class=\"wpb_column vc_column_container\"><div class=\"vc_column-inner\"><div class=\"w-btn-wrapper align_center\"><a class=\"w-btn us-btn-style_1 us_custom_6e750dcc icon_atright\" href=\"\/es\/mi-cuenta\/\"><span class=\"w-btn-label\">REGISTRO<\/span><i class=\"fal fa-shopping-cart\"><\/i><\/a><\/div><\/div><\/div><\/div><\/div><\/section><section class=\"l-section wpb_row us_custom_ee63c1af hide_on_default hide_on_laptops hide_on_tablets hide_on_mobiles height_auto\"><div class=\"l-section-h i-cf\"><div class=\"g-cols vc_row via_grid cols_1 laptops-cols_inherit tablets-cols_inherit mobiles-cols_1 valign_top type_default stacking_default\"><div class=\"wpb_column vc_column_container\"><div class=\"vc_column-inner\"><div class=\"w-image us_custom_29f7378d align_center has_bg_color\"><div class=\"w-image-h\"><img decoding=\"async\" width=\"452\" height=\"640\" src=\"https:\/\/www.akbijouxminerals.com\/wp-content\/uploads\/2025\/11\/ak-black-desc-2025.png\" class=\"attachment-large size-large\" alt=\"\" loading=\"lazy\" srcset=\"https:\/\/www.akbijouxminerals.com\/wp-content\/uploads\/2025\/11\/ak-black-desc-2025.png 452w, https:\/\/www.akbijouxminerals.com\/wp-content\/uploads\/2025\/11\/ak-black-desc-2025-212x300.png 212w\" sizes=\"auto, (max-width: 452px) 100vw, 452px\" \/><\/div><\/div><\/div><\/div><\/div><\/div><\/section><section class=\"l-section wpb_row hide_on_default hide_on_laptops hide_on_tablets hide_on_mobiles height_auto\"><div class=\"l-section-h i-cf\"><div class=\"g-cols vc_row via_grid cols_1 laptops-cols_inherit tablets-cols_inherit mobiles-cols_1 valign_top type_default stacking_default\"><div class=\"wpb_column vc_column_container\"><div class=\"vc_column-inner\"><div class=\"w-hwrapper valign_middle us_custom_059ce51d hide_on_default hide_on_laptops hide_on_tablets hide_on_mobiles align_justify\" style=\"--hwrapper-gap:1.6rem\"><div class=\"w-iconbox us_custom_4d0635b9 iconpos_left style_circle color_primary align_center no_title\"><div class=\"w-iconbox-icon\" style=\"font-size:1.5rem;\"><i class=\"fas fa-info-square\"><\/i><\/div><div class=\"w-iconbox-meta\"><div class=\"w-iconbox-text\"><p>Hasta nuevo aviso, nuestra tienda f\u00edsica estar\u00e1 abierta s\u00f3lo con cita previa, as\u00ed que ll\u00e1menos por tel\u00e9fono, o env\u00edenos un correo electr\u00f3nico o puede utilizar el formulario de contacto si tiene alguna pregunta.<\/p>\n<\/div><\/div><\/div><div class=\"w-btn-wrapper align_none\"><a class=\"w-btn us-btn-style_6 icon_atright\" target=\"_blank\" rel=\"nofollow\" href=\"https:\/\/www.akbijouxminerals.com\/es\/eventos\/\"><span class=\"w-btn-label\">Know more<\/span><i class=\"far fa-star\"><\/i><\/a><\/div><\/div><div class=\"w-hwrapper valign_middle us_custom_8f9a5ad1 align_justify\" style=\"--hwrapper-gap:1.2rem\"><div class=\"w-iconbox us_custom_4d0635b9 iconpos_left style_default color_primary align_left no_title\"><div class=\"w-iconbox-icon\" style=\"font-size:1.5rem;\"><i class=\"fas fa-info-square\"><\/i><\/div><div class=\"w-iconbox-meta\"><div class=\"w-iconbox-text\"><p>Registre su empresa para ver los precios . Pedido m\u00ednimo 100\u20ac sin IVA ni transporte.<\/p>\n<\/div><\/div><\/div><div class=\"w-btn-wrapper align_none\"><a class=\"w-btn us-btn-style_6 icon_atright\" href=\"\/my-account\/\"><span class=\"w-btn-label\">Register<\/span><i class=\"far fa-user-plus\"><\/i><\/a><\/div><\/div><\/div><\/div><\/div><\/div><\/section><section class=\"l-section wpb_row height_small\" id=\"ourproducts\"><div class=\"l-section-h i-cf\"><div class=\"g-cols vc_row via_grid cols_1 laptops-cols_inherit tablets-cols_inherit mobiles-cols_1 valign_top type_default stacking_default\"><div class=\"wpb_column vc_column_container\"><div class=\"vc_column-inner\"><h2 class=\"w-text us_custom_15e3a946 us_animate_this\"><span class=\"w-text-h\"><span class=\"w-text-value\">Nuestros productos<\/span><\/span><\/h2><\/div><\/div><\/div><\/div><\/section><section class=\"l-section wpb_row height_auto\"><div class=\"l-section-h i-cf\"><div class=\"g-cols vc_row via_grid cols_2 laptops-cols_inherit tablets-cols_inherit mobiles-cols_1 valign_top type_default stacking_default\" style=\"--columns-gap:0.5rem;\"><div class=\"wpb_column vc_column_container\"><div class=\"vc_column-inner\"><div class=\"w-grid us_term_list type_grid layout_2860 cols_1 preload_style_spinner with_css_animation ratio_1x1\" id=\"us_grid_c394\" style=\"--columns:1;--gap:0.5rem;--item-ratio:1;\"><style>.layout_2860 .w-grid-item-h{border-radius:0.5rem}.layout_2860 .usg_post_title_1{transition-duration:0.3s;transform-origin:50% 50%;transform:scale(1) translate(0%,0%);opacity:0}.layout_2860 .w-grid-item-h:focus-within .usg_post_title_1,.layout_2860 .w-grid-item-h:hover .usg_post_title_1{transform:scale(1) translate(0%,0%);opacity:1}.layout_2860 .usg_post_title_1{color:var(--color-header-middle-bg)!important;font-size:1.2rem!important;width:100%!important;position:absolute!important;left:0!important;bottom:0!important;background:linear-gradient(0deg,rgba(0,51,153,0.85),rgba(0,47,156,0))!important;padding:30% 1rem 1rem 1rem!important}<\/style><div class=\"w-grid-list\">\t<div class=\"w-grid-item type_term term-780 term-hilos us_animate_aft ratio_1x1\">\r\n\t\t<div class=\"w-grid-item-h\">\r\n\t\t\t\t\t\t\t<a href=\"https:\/\/www.akbijouxminerals.com\/es\/productos\/hilos\/\" class=\"w-grid-item-anchor\" aria-label=\"Hilos\"><\/a>\r\n\t\t\t\t\t\t<div class=\"w-post-elm post_image usg_post_image_1 has_ratio\"><img loading=\"lazy\" decoding=\"async\" width=\"1000\" height=\"1000\" src=\"https:\/\/www.akbijouxminerals.com\/wp-content\/uploads\/2023\/05\/SHOP-AK-PAGE.jpg\" class=\"attachment-large size-large\" alt=\"\" \/><div style=\"padding-bottom:100%\"><\/div><\/div><h2 class=\"w-post-elm post_title usg_post_title_1 has_text_color entry-title color_link_inherit\">Hilos<\/h2>\t\t<\/div>\r\n\t\t\t<\/div>\r\n<\/div><\/div><\/div><\/div><div class=\"wpb_column vc_column_container\"><div class=\"vc_column-inner\"><div class=\"w-grid us_term_list us_custom_47474b22 us_animate_this type_grid layout_2860 cols_2 preload_style_spinner ratio_1x1\" id=\"us_grid_n4e9\" style=\"--columns:2;--gap:0.5rem;--item-ratio:1;\"><div class=\"w-grid-list\">\t<div class=\"w-grid-item type_term term-785 term-lotes ratio_1x1\">\r\n\t\t<div class=\"w-grid-item-h\">\r\n\t\t\t\t\t\t\t<a href=\"https:\/\/www.akbijouxminerals.com\/es\/productos\/lotes\/\" class=\"w-grid-item-anchor\" aria-label=\"Lotes\"><\/a>\r\n\t\t\t\t\t\t<div class=\"w-post-elm post_image usg_post_image_1 has_ratio\"><img loading=\"lazy\" decoding=\"async\" width=\"841\" height=\"646\" src=\"https:\/\/www.akbijouxminerals.com\/wp-content\/uploads\/2023\/04\/BUNDLE-FREEFORMS-CARABEAN-CALCITE.jpg\" class=\"attachment-large size-large\" alt=\"\" \/><div style=\"padding-bottom:100%\"><\/div><\/div><h2 class=\"w-post-elm post_title usg_post_title_1 has_text_color entry-title color_link_inherit\">Lotes<\/h2>\t\t<\/div>\r\n\t\t\t<\/div>\r\n\t<div class=\"w-grid-item type_term term-784 term-minerales ratio_1x1\">\r\n\t\t<div class=\"w-grid-item-h\">\r\n\t\t\t\t\t\t\t<a href=\"https:\/\/www.akbijouxminerals.com\/es\/productos\/minerales\/\" class=\"w-grid-item-anchor\" aria-label=\"Minerales\"><\/a>\r\n\t\t\t\t\t\t<div class=\"w-post-elm post_image usg_post_image_1 has_ratio\"><img loading=\"lazy\" decoding=\"async\" width=\"500\" height=\"500\" src=\"https:\/\/www.akbijouxminerals.com\/wp-content\/uploads\/2023\/06\/lapislazuli-sphere-detail.jpg\" class=\"attachment-large size-large\" alt=\"\" \/><div style=\"padding-bottom:100%\"><\/div><\/div><h2 class=\"w-post-elm post_title usg_post_title_1 has_text_color entry-title color_link_inherit\">Minerales<\/h2>\t\t<\/div>\r\n\t\t\t<\/div>\r\n\t<div class=\"w-grid-item type_term term-804 term-minerales-en-bruto ratio_1x1\">\r\n\t\t<div class=\"w-grid-item-h\">\r\n\t\t\t\t\t\t\t<a href=\"https:\/\/www.akbijouxminerals.com\/es\/productos\/lotes\/minerales-en-bruto\/\" class=\"w-grid-item-anchor\" aria-label=\"Minerales en bruto\"><\/a>\r\n\t\t\t\t\t\t<div class=\"w-post-elm post_image usg_post_image_1 has_ratio\"><img loading=\"lazy\" decoding=\"async\" width=\"1024\" height=\"1024\" src=\"https:\/\/www.akbijouxminerals.com\/wp-content\/uploads\/2023\/05\/ROUGH-LAPIS-LOT-SIZE-S-0500GR-R2-1-1024x1024.jpeg\" class=\"attachment-large size-large\" alt=\"\" \/><div style=\"padding-bottom:100%\"><\/div><\/div><h2 class=\"w-post-elm post_title usg_post_title_1 has_text_color entry-title color_link_inherit\">Minerales en bruto<\/h2>\t\t<\/div>\r\n\t\t\t<\/div>\r\n\t<div class=\"w-grid-item type_term term-782 term-rodados ratio_1x1\">\r\n\t\t<div class=\"w-grid-item-h\">\r\n\t\t\t\t\t\t\t<a href=\"https:\/\/www.akbijouxminerals.com\/es\/productos\/rodados\/\" class=\"w-grid-item-anchor\" aria-label=\"Rodados\"><\/a>\r\n\t\t\t\t\t\t<div class=\"w-post-elm post_image usg_post_image_1 has_ratio\"><img loading=\"lazy\" decoding=\"async\" width=\"843\" height=\"1024\" src=\"https:\/\/www.akbijouxminerals.com\/wp-content\/uploads\/2023\/03\/tumble-mix-stones-medium-01123-843x1024.jpg\" class=\"attachment-large size-large\" alt=\"\" \/><div style=\"padding-bottom:100%\"><\/div><\/div><h2 class=\"w-post-elm post_title usg_post_title_1 has_text_color entry-title color_link_inherit\">Rodados<\/h2>\t\t<\/div>\r\n\t\t\t<\/div>\r\n<\/div><\/div><\/div><\/div><\/div><\/div><\/section><section class=\"l-section wpb_row height_small\"><div class=\"l-section-h i-cf\"><div class=\"g-cols vc_row via_grid cols_1 laptops-cols_inherit tablets-cols_inherit mobiles-cols_1 valign_top type_default stacking_default\"><div class=\"wpb_column vc_column_container\"><div class=\"vc_column-inner\"><div class=\"w-btn-wrapper align_center\"><a class=\"w-btn us-btn-style_1 icon_atright\" href=\"\/es\/tienda\/\"><span class=\"w-btn-label\">Compra online<\/span><i class=\"fal fa-shopping-cart\"><\/i><\/a><\/div><\/div><\/div><\/div><\/div><\/section><section class=\"l-section wpb_row us_custom_a9af3535 height_small\"><div class=\"l-section-h i-cf\"><div class=\"g-cols vc_row via_grid cols_2 laptops-cols_inherit tablets-cols_inherit mobiles-cols_1 valign_middle type_boxes stacking_default\" style=\"--columns-gap:0rem;\"><div class=\"wpb_column vc_column_container us_custom_c70c97eb has_bg_color\"><div class=\"vc_column-inner\"><h1 class=\"w-text us_custom_3cd47c3d\"><span class=\"w-text-h\"><span class=\"w-text-value\">AK Bijoux Minerals<\/span><\/span><\/h1><div class=\"wpb_text_column\"><div class=\"wpb_wrapper\"><p><span>AK Bijoux Minerals es una empresa familiar desde 2010. Somos mayoristas de piedras semipreciosas y minerales de todo el mundo. Estamos ubicados en Sant Jaume dels Domenys, entre las ciudades de Barcelona y Tarragona. Espa\u00f1a.<\/span><\/p>\n<\/div><\/div><div class=\"w-btn-wrapper align_none\"><a class=\"w-btn us-btn-style_2 us_custom_57555212\" target=\"_blank\" href=\"\/es\/eventos\"><span class=\"w-btn-label\">Eventos<\/span><\/a><\/div><\/div><\/div><div class=\"wpb_column vc_column_container us_custom_b6a72ce1 ar-16-9\"><div class=\"vc_column-inner\"><div class=\"w-grid us_post_carousel apply_url_params type_carousel layout_gallery_cropped preload_style_spinner ratio_1x1\" id=\"us_post_list_z1da\" style=\"--gap:0px;--item-ratio:1;\"><style>.layout_gallery_cropped .w-grid-item-h{}.layout_gallery_cropped .usg_post_image_1{position:absolute!important;left:0!important;top:0!important;bottom:0!important;right:0!important}<\/style><div class=\"w-grid-list owl-carousel valign_stretch dotstyle_circle navstyle_circle arrows-ver-pos_middle arrows-hor-pos_on_sides_outside arrows-disabled_hide owl-responsive-2000\" style=\"--transition-duration:350ms;\">\t<article class=\"w-grid-item size_1x1 post-7410 attachment type-attachment status-inherit hentry\" data-id=\"7410\">\r\n\t\t<div class=\"w-grid-item-h\">\r\n\t\t\t\t\t\t<div class=\"w-post-elm post_image usg_post_image_1 stretched\"><img loading=\"lazy\" decoding=\"async\" width=\"768\" height=\"1024\" src=\"https:\/\/www.akbijouxminerals.com\/wp-content\/uploads\/2023\/05\/IMG-20230411-WA0024.jpg\" class=\"attachment-large size-large\" alt=\"\" srcset=\"https:\/\/www.akbijouxminerals.com\/wp-content\/uploads\/2023\/05\/IMG-20230411-WA0024.jpg 768w, https:\/\/www.akbijouxminerals.com\/wp-content\/uploads\/2023\/05\/IMG-20230411-WA0024-225x300.jpg 225w, https:\/\/www.akbijouxminerals.com\/wp-content\/uploads\/2023\/05\/IMG-20230411-WA0024-600x800.jpg 600w\" sizes=\"auto, (max-width: 768px) 100vw, 768px\" \/><\/div>\t\t<\/div>\r\n\t\t\t<\/article>\r\n\t<article class=\"w-grid-item size_1x1 post-7406 attachment type-attachment status-inherit hentry\" data-id=\"7406\">\r\n\t\t<div class=\"w-grid-item-h\">\r\n\t\t\t\t\t\t<div class=\"w-post-elm post_image usg_post_image_1 stretched\"><img loading=\"lazy\" decoding=\"async\" width=\"1024\" height=\"576\" src=\"https:\/\/www.akbijouxminerals.com\/wp-content\/uploads\/2023\/04\/IMG-20230411-WA0021.jpg\" class=\"attachment-large size-large\" alt=\"\" srcset=\"https:\/\/www.akbijouxminerals.com\/wp-content\/uploads\/2023\/04\/IMG-20230411-WA0021.jpg 1024w, https:\/\/www.akbijouxminerals.com\/wp-content\/uploads\/2023\/04\/IMG-20230411-WA0021-300x169.jpg 300w, https:\/\/www.akbijouxminerals.com\/wp-content\/uploads\/2023\/04\/IMG-20230411-WA0021-600x338.jpg 600w\" sizes=\"auto, (max-width: 1024px) 100vw, 1024px\" \/><\/div>\t\t<\/div>\r\n\t\t\t<\/article>\r\n<\/div><div class=\"w-grid-carousel-json hidden\" onclick='return {&quot;carousel_settings&quot;:{&quot;aria_labels&quot;:{&quot;prev&quot;:&quot;Anterior&quot;,&quot;next&quot;:&quot;Siguiente&quot;},&quot;autoplayContinual&quot;:false,&quot;autoplayContinualCss&quot;:false,&quot;autoplayHoverPause&quot;:false,&quot;autoplayTimeout&quot;:3000,&quot;autoWidth&quot;:false,&quot;smartSpeed&quot;:350,&quot;margin&quot;:0,&quot;mouseDrag&quot;:true,&quot;rtl&quot;:false,&quot;slideBy&quot;:&quot;1&quot;,&quot;touchDrag&quot;:true,&quot;slideTransition&quot;:&quot;&quot;,&quot;responsive&quot;:{&quot;0&quot;:{&quot;autoHeight&quot;:false,&quot;autoplay&quot;:false,&quot;autoplayContinualCss&quot;:false,&quot;autoWidth&quot;:false,&quot;center&quot;:false,&quot;dots&quot;:false,&quot;items&quot;:1,&quot;loop&quot;:false,&quot;nav&quot;:false,&quot;stagePadding&quot;:0,&quot;slideBy&quot;:&quot;1&quot;,&quot;touchDrag&quot;:true,&quot;mouseDrag&quot;:true},&quot;600&quot;:{&quot;items&quot;:1,&quot;autoplay&quot;:false,&quot;autoplayContinualCss&quot;:false,&quot;center&quot;:false,&quot;dots&quot;:false,&quot;nav&quot;:false,&quot;autoHeight&quot;:false,&quot;autoWidth&quot;:false,&quot;loop&quot;:true,&quot;stagePadding&quot;:0}}}}'><\/div><\/div><\/div><\/div><\/div><\/div><\/section>\n","protected":false},"excerpt":{"rendered":"","protected":false},"author":1,"featured_media":0,"parent":0,"menu_order":0,"comment_status":"closed","ping_status":"closed","template":"","meta":{"_acf_changed":false,"footnotes":""},"class_list":["post-7859","page","type-page","status-publish","hentry"],"acf":[],"_links":{"self":[{"href":"https:\/\/www.akbijouxminerals.com\/es\/wp-json\/wp\/v2\/pages\/7859","targetHints":{"allow":["GET"]}}],"collection":[{"href":"https:\/\/www.akbijouxminerals.com\/es\/wp-json\/wp\/v2\/pages"}],"about":[{"href":"https:\/\/www.akbijouxminerals.com\/es\/wp-json\/wp\/v2\/types\/page"}],"author":[{"embeddable":true,"href":"https:\/\/www.akbijouxminerals.com\/es\/wp-json\/wp\/v2\/users\/1"}],"replies":[{"embeddable":true,"href":"https:\/\/www.akbijouxminerals.com\/es\/wp-json\/wp\/v2\/comments?post=7859"}],"version-history":[{"count":4,"href":"https:\/\/www.akbijouxminerals.com\/es\/wp-json\/wp\/v2\/pages\/7859\/revisions"}],"predecessor-version":[{"id":13643,"href":"https:\/\/www.akbijouxminerals.com\/es\/wp-json\/wp\/v2\/pages\/7859\/revisions\/13643"}],"wp:attachment":[{"href":"https:\/\/www.akbijouxminerals.com\/es\/wp-json\/wp\/v2\/media?parent=7859"}],"curies":[{"name":"wp","href":"https:\/\/api.w.org\/{rel}","templated":true}]}}