{"id":6056,"date":"2019-03-22T08:08:43","date_gmt":"2019-03-22T07:08:43","guid":{"rendered":"https:\/\/www.akbijouxminerals.com\/mi-cuenta\/"},"modified":"2025-03-03T17:58:11","modified_gmt":"2025-03-03T16:58:11","slug":"mi-cuenta","status":"publish","type":"page","link":"https:\/\/www.akbijouxminerals.com\/es\/mi-cuenta\/","title":{"rendered":"Mi cuenta"},"content":{"rendered":"<section class=\"l-section wpb_row height_small\"><div class=\"l-section-h i-cf\"><div class=\"g-cols vc_row via_grid cols_1 laptops-cols_inherit tablets-cols_inherit mobiles-cols_1 valign_top type_default stacking_default\"><div class=\"wpb_column vc_column_container\"><div class=\"vc_column-inner\">\t<div class=\"w-account-login woocommerce style_default us-field-style_1\">\r\n\t\t<div class=\"woocommerce-notices-wrapper\"><\/div>\n\n<div class=\"u-columns col2-set\" id=\"customer_login\">\n\n\t<div class=\"u-column1 col-1\">\n\n\n\t\t<h2>Acceder<\/h2>\n\n\t\t<form class=\"woocommerce-form woocommerce-form-login login\" method=\"post\" novalidate>\n\n\t\t\t\n\t\t\t<p class=\"woocommerce-form-row woocommerce-form-row--wide form-row form-row-wide\">\n\t\t\t\t<label for=\"username\">Nombre de usuario o correo electr\u00f3nico&nbsp;<span class=\"required\" aria-hidden=\"true\">*<\/span><span class=\"screen-reader-text\">Obligatorio<\/span><\/label>\n\t\t\t\t<input type=\"text\" class=\"woocommerce-Input woocommerce-Input--text input-text\" name=\"username\" id=\"username\" autocomplete=\"username\" value=\"\" required aria-required=\"true\" \/>\t\t\t<\/p>\n\t\t\t<p class=\"woocommerce-form-row woocommerce-form-row--wide form-row form-row-wide\">\n\t\t\t\t<label for=\"password\">Contrase\u00f1a&nbsp;<span class=\"required\" aria-hidden=\"true\">*<\/span><span class=\"screen-reader-text\">Obligatorio<\/span><\/label>\n\t\t\t\t<input class=\"woocommerce-Input woocommerce-Input--text input-text\" type=\"password\" name=\"password\" id=\"password\" autocomplete=\"current-password\" required aria-required=\"true\" \/>\n\t\t\t<\/p>\n\n\t\t\t\t\t<div class=\"g-recaptcha\" data-sitekey=\"6Ld1ogAsAAAAAE6Dxwdk_YxkFybzo9vVm35lpJv_\"><\/div>\r\n\t\t<br\/>\r\n\t\t<input type=\"hidden\" name=\"rememberme\" value=\"forever\">\n\t\t\t<p class=\"form-row\">\n\t\t\t\t<label class=\"woocommerce-form__label woocommerce-form__label-for-checkbox woocommerce-form-login__rememberme\">\n\t\t\t\t\t<input class=\"woocommerce-form__input woocommerce-form__input-checkbox\" name=\"rememberme\" type=\"checkbox\" id=\"rememberme\" value=\"forever\" \/> <span>Recu\u00e9rdame<\/span>\n\t\t\t\t<\/label>\n\t\t\t\t<input type=\"hidden\" id=\"woocommerce-login-nonce\" name=\"woocommerce-login-nonce\" value=\"3f389dbe35\" \/><input type=\"hidden\" name=\"_wp_http_referer\" value=\"\/es\/wp-json\/wp\/v2\/pages\/6056\" \/>\t\t\t\t<button type=\"submit\" class=\"woocommerce-button button woocommerce-form-login__submit\" name=\"login\" value=\"Acceso\">Acceso<\/button>\n\t\t\t<\/p>\n\t\t\t<p class=\"woocommerce-LostPassword lost_password\">\n\t\t\t\t<a href=\"https:\/\/www.akbijouxminerals.com\/es\/mi-cuenta\/lost-password\/\">\u00bfOlvidaste la contrase\u00f1a?<\/a>\n\t\t\t<\/p>\n\n\t\t\t\n\t\t<\/form>\n\n\n\t<\/div>\n\n\t<div class=\"u-column2 col-2\">\n\n\t\t<h2>Registrarse<\/h2>\n\n\t\t<form method=\"post\" class=\"woocommerce-form woocommerce-form-register register\"  >\n\n\t\t\t<input type=\"hidden\" id=\"afreg_nonce_field\" name=\"afreg_nonce_field\" value=\"1d73881989\" \/><input type=\"hidden\" name=\"_wp_http_referer\" value=\"\/es\/wp-json\/wp\/v2\/pages\/6056\" \/>\t\t\t\t<div class=\"afreg_extra_fields\">\n\t\t\t\t\t\t\t\t\t\t\t<p id=\"billing_company\" class=\"form-row afreg_full_field\">\n\t\t\t\t\t\t\t<label for=\"billing_company\">Empresa\t\t\t\t\t\t\t\t\t\t\t\t\t<\/label>\n\t\t\t\t\t\t\t<input type=\"text\" class=\"input-text\" name=\"billing_company\" id=\"billing_company\" value=\"\" placeholder=\"Enter your company name\" \/>\n\t\t\t\t\t\t\t\t\t\t\t\t\t<\/p>\n\t\t\t\t\t\t\n\t\t\t\t\t\t\t\t\t\t\t<p id=\"first_name\" class=\"form-row afreg_half_field\">\n\t\t\t\t\t\t\t<label for=\"first_name\">Nombre\t\t\t\t\t\t\t\t\t\t\t\t\t\t<span class=\"required\">*<\/span> \t\t\t\t\t\t\t<\/label>\n\t\t\t\t\t\t\t<input type=\"text\" class=\"input-text\" name=\"first_name\" id=\"first_name\" value=\"\" placeholder=\"Enter your first name\" \/>\n\t\t\t\t\t\t\t\t\t\t\t\t\t<\/p>\n\t\t\t\t\t\t\n\t\t\t\t\t\t\t\t\t\t\t<p id=\"last_name\" class=\"form-row afreg_half_field\">\n\t\t\t\t\t\t\t<label for=\"last_name\">Apellidos\t\t\t\t\t\t\t\t\t\t\t\t\t\t<span class=\"required\">*<\/span> \t\t\t\t\t\t\t<\/label>\n\t\t\t\t\t\t\t<input type=\"text\" class=\"input-text\" name=\"last_name\" id=\"last_name\" value=\"\" placeholder=\"Enter your last name\" \/>\n\t\t\t\t\t\t\t\t\t\t\t\t\t<\/p>\n\t\t\t\t\t\t\n\t\t\t\t\t\t\t\t\t\t\t<p id=\"billing_city\" class=\"form-row afreg_half_field\">\n\t\t\t\t\t\t\t<label for=\"billing_city\">Poblaci\u00f3n\t\t\t\t\t\t\t\t\t\t\t\t\t\t<span class=\"required\">*<\/span> \t\t\t\t\t\t\t<\/label>\n\t\t\t\t\t\t\t<input type=\"text\" class=\"input-text\" name=\"billing_city\" id=\"billing_city\" value=\"\" placeholder=\"Enter your city\" \/>\n\t\t\t\t\t\t\t\t\t\t\t\t\t<\/p>\n\t\t\t\t\t\t\n\t\t\t\t\t\t\t\t\t\t\t<p id=\"billing_phone\" class=\"form-row afreg_half_field\">\n\t\t\t\t\t\t\t<label for=\"billing_phone\">Tel\u00e9fono\t\t\t\t\t\t\t\t\t\t\t\t\t\t<span class=\"required\">*<\/span> \t\t\t\t\t\t\t<\/label>\n\t\t\t\t\t\t\t<input type=\"tel\" class=\"input-text\" name=\"billing_phone\" id=\"billing_phone\" value=\"\" placeholder=\"Enter your phone\" \/>\n\t\t\t\t\t\t\t\t\t\t\t\t\t<\/p>\n\t\t\t\t\t\t\n\t\t\t\t\t\t\t\t<\/div>\n\t\t\t\n\t\t\t\n\t\t\t<p class=\"woocommerce-form-row woocommerce-form-row--wide form-row form-row-wide\">\n\t\t\t\t<label for=\"reg_email\">Direcci\u00f3n de correo electr\u00f3nico&nbsp;<span class=\"required\" aria-hidden=\"true\">*<\/span><span class=\"screen-reader-text\">Obligatorio<\/span><\/label>\n\t\t\t\t<input type=\"email\" class=\"woocommerce-Input woocommerce-Input--text input-text\" name=\"email\" id=\"reg_email\" autocomplete=\"email\" value=\"\" required aria-required=\"true\" \/>\t\t\t<\/p>\n\n\t\t\t\n\t\t\t\t<p>Se enviar\u00e1 un enlace a tu direcci\u00f3n de correo electr\u00f3nico para establecer una nueva contrase\u00f1a.<\/p>\n\n\t\t\t\n\t\t\t\n\t\t\t<div class=\"afreg_extra_fields\">\n\t\t\t\t<h3><\/h3>\n\n\t\t\t\t<input type=\"hidden\" id=\"afreg_nonce_field\" name=\"afreg_nonce_field\" value=\"1d73881989\" \/><input type=\"hidden\" name=\"_wp_http_referer\" value=\"\/es\/wp-json\/wp\/v2\/pages\/6056\" \/>\n\t\t\t\t\n\t\t\t\t\t\t\t<p class=\"af-dependable-field form-row form-row-wide newr\" id=\"afreg_additionalshowhide_10934\">\n\t\t\t\t\t\t\t\t<label for=\"afreg_additional_10934\">\n\t\t\t\t\t\t\t\t\tInstagram\t\t\t\t\t\t\t\t\t<span class=\"required\">\n\t\t\t\t\t\t\t\t\t\t\t\t\t\t\t\t\t\t\t<\/span>\n\t\t\t\t\t\t\t\t<\/label>\n\t\t\t\t\t\t\t\t<input type=\"text\" class=\" afreg_additional_10934 input-text \n\t\t\t\t\t\t\t\t\t\t\t\t\t\t\t\t\" name=\"afreg_additional_10934\" id=\"afreg_additional_10934\" value=\"\" placeholder=\"\" \/>\n\t\t\t\t\t\t\t\t\t\t\t\t\t\t\t<\/p>\n\n\t\t\t\t\t\t\n\t\t\t\t\t\t<!-- Dependable -->\n\t\t\t\t\t\t\n\n\t\t\t\t\t\t\t\t\t<\/div>\n\n\t\t\t\t\t<div class=\"g-recaptcha\" data-sitekey=\"6Ld1ogAsAAAAAE6Dxwdk_YxkFybzo9vVm35lpJv_\"><\/div>\r\n\t\t<br\/>\r\n\t\t<wc-order-attribution-inputs><\/wc-order-attribution-inputs><p class=\"form-row form-row-wide validate-eu-vat-number\" id=\"billing_eu_vat_number_field\" data-priority=\"31\"><label for=\"billing_eu_vat_number\" class=\"\">EU\/UK VAT Number&nbsp;<span class=\"optional\">(opcional)<\/span><\/label><span class=\"woocommerce-input-wrapper\"><input type=\"text\" class=\"input-text \" name=\"billing_eu_vat_number\" id=\"billing_eu_vat_number\" placeholder=\"EU\/UK VAT Number\"  value=\"\"  \/><\/span><\/p><div class=\"woocommerce-privacy-policy-text\"><p>Tras el registro, revisaremos y aprobaremos manualmente su cuenta. Hasta entonces, no podr\u00e1 ver los precios en nuestro sitio web. Sus datos personales se utilizar\u00e1n para mejorar su experiencia en este sitio web, para gestionar el acceso a su cuenta y para otros fines descritos en nuestra pol\u00edtica de privacidad <a href=\"https:\/\/www.akbijouxminerals.com\/?page_id=3\" class=\"woocommerce-privacy-policy-link\" target=\"_blank\">pol\u00edtica de privacidad<\/a>.<\/p>\n<\/div>\n\t\t\t<p class=\"woocommerce-form-row form-row\">\n\t\t\t\t<input type=\"hidden\" id=\"woocommerce-register-nonce\" name=\"woocommerce-register-nonce\" value=\"52e2d36e4c\" \/><input type=\"hidden\" name=\"_wp_http_referer\" value=\"\/es\/wp-json\/wp\/v2\/pages\/6056\" \/>\t\t\t\t<button type=\"submit\" class=\"woocommerce-Button woocommerce-button button woocommerce-form-register__submit\" name=\"register\" value=\"Registrarse\">Registrarse<\/button>\n\t\t\t<\/p>\n\n\t\t\t\n\t\t<\/form>\n\n\t<\/div>\n\n<\/div>\n\n\t<\/div>\r\n\t<\/div><\/div><\/div><\/div><\/section>\n","protected":false},"excerpt":{"rendered":"Acceder Nombre de usuario o correo electr\u00f3nico&nbsp;*Obligatorio Contrase\u00f1a&nbsp;*Obligatorio Recu\u00e9rdame Acceso \u00bfOlvidaste la contrase\u00f1a? Registrarse Empresa Nombre * Apellidos * Poblaci\u00f3n * Tel\u00e9fono * Direcci\u00f3n de correo electr\u00f3nico&nbsp;*Obligatorio Se enviar\u00e1 un enlace a tu direcci\u00f3n de correo electr\u00f3nico para establecer una nueva contrase\u00f1a. Instagram EU\/UK VAT Number&nbsp;(opcional)Tras el registro, revisaremos y aprobaremos manualmente su cuenta. Hasta...","protected":false},"author":1,"featured_media":0,"parent":0,"menu_order":0,"comment_status":"closed","ping_status":"closed","template":"","meta":{"_acf_changed":false,"footnotes":""},"class_list":["post-6056","page","type-page","status-publish","hentry"],"acf":[],"_links":{"self":[{"href":"https:\/\/www.akbijouxminerals.com\/es\/wp-json\/wp\/v2\/pages\/6056","targetHints":{"allow":["GET"]}}],"collection":[{"href":"https:\/\/www.akbijouxminerals.com\/es\/wp-json\/wp\/v2\/pages"}],"about":[{"href":"https:\/\/www.akbijouxminerals.com\/es\/wp-json\/wp\/v2\/types\/page"}],"author":[{"embeddable":true,"href":"https:\/\/www.akbijouxminerals.com\/es\/wp-json\/wp\/v2\/users\/1"}],"replies":[{"embeddable":true,"href":"https:\/\/www.akbijouxminerals.com\/es\/wp-json\/wp\/v2\/comments?post=6056"}],"version-history":[{"count":1,"href":"https:\/\/www.akbijouxminerals.com\/es\/wp-json\/wp\/v2\/pages\/6056\/revisions"}],"predecessor-version":[{"id":10927,"href":"https:\/\/www.akbijouxminerals.com\/es\/wp-json\/wp\/v2\/pages\/6056\/revisions\/10927"}],"wp:attachment":[{"href":"https:\/\/www.akbijouxminerals.com\/es\/wp-json\/wp\/v2\/media?parent=6056"}],"curies":[{"name":"wp","href":"https:\/\/api.w.org\/{rel}","templated":true}]}}